{"id":16275,"date":"2019-05-13T11:54:34","date_gmt":"2019-05-13T11:54:34","guid":{"rendered":"https:\/\/www.prime-clean.com\/nos-prix\/"},"modified":"2024-12-29T16:20:28","modified_gmt":"2024-12-29T16:20:28","slug":"nos-prix","status":"publish","type":"page","link":"https:\/\/www.prime-clean.com\/fr\/nos-prix\/","title":{"rendered":"Nos prix"},"content":{"rendered":"<div class=\"wpb-content-wrapper\"><p>[vc_row full_width=\u00a0\u00bbstretch_row\u00a0\u00bb css=\u00a0\u00bb.vc_custom_1557566612852{background-image: url(https:\/\/cleaninco-demo.pbminfotech.com\/wp-content\/uploads\/2019\/05\/bg-07.png?id=10216) !important;background-position: 0 0 !important;background-repeat: no-repeat !important;}\u00a0\u00bb][vc_column]<div class=\"themestek-element-heading-wrapper themestek-heading-inner themestek-element-align-center themestek-seperator-none \"><section class=\"themestek-vc_cta3-container\"><div class=\"themestek-vc_general themestek-vc_cta3 themestek-cta3-only themestek-vc_cta3-style-classic themestek-vc_cta3-shape-rounded themestek-vc_cta3-align-center themestek-vc_cta3-color-transparent themestek-vc_cta3-icon-size-md themestek-vc_cta3-actions-no themestek-cta3-without-desc\"><div class=\"themestek-vc_cta3_content-container\"><div class=\"themestek-vc_cta3-content\"><div class=\"themestek-vc_cta3-content-header themestek-wrap\"><div class=\"themestek-vc_cta3-headers themestek-wrap-cell\"><h4 class=\"themestek-custom-heading \" >Our Pricing<\/h4>\n<h2 class=\"themestek-custom-heading \" >What our clients say?<\/h2>\n<\/div><\/div><\/div><\/div><\/div><\/section><\/div> <!-- .themestek-element-heading-wrapper container --> <div class=\"themestek-ptables-w wpb_content_element\"><div class=\"themestek-ptable-column-w col-md-4  \"><div class=\"themestek-ptable-column-inner\"><div class=\"themestek-ptablebox themestek-ptablebox-style-1 \">\r\n\t\t<div class=\"themestek-ptable-main\">\r\n\t\t<div class=\"themestek-ptable-icon\">\r\n\t\t\t<div class=\"themestek-sbox-icon-wrapper\"><i class=\"themestek-cleaninco-business-icon themestek-cleaninco-business-icon-cleaner-2\"><\/i><\/div>\t\t<\/div>\r\n\t\t<h3 class=\"themestek-ptable-heading\">Residential<\/h3>\r\n\t\t<div class=\"themestek-sep\"><\/div>\r\n\t\t<div class=\"themestek-ptable-price-w\">\r\n\t\t\t\t\t\t<div class=\"themestek-ptable-price\">79<\/div>\r\n\t\t\t<div class=\"themestek-ptable-cur-symbol-after\">$<\/div>\t\t\r\n\t\t\t<div class=\"themestek-ptable-frequency\">Monthly<\/div>\r\n\t\t<\/div>\r\n\t<\/div>\r\n\t<div class=\"themestek-ptablebox-colum themestek-ptablebox-featurebox\">\r\n\t\t<div class=\"themestek-ptable-lines-w\"><div class=\"themestek-ptable-line\"><div class=\"themestek-vc_icon_element themestek-vc_icon_element-outer themestek-vc_icon_element-align-left \"><div class=\"themestek-vc_icon_element-inner  themestek-vc_icon_element-color-skincolor themestek-vc_icon_element-size-xs themestek-vc_icon_element-style- themestek-vc_icon_element-background-color-grey\"><span class=\"themestek-vc_icon_element-icon fa fa-check\"><\/span><\/div><\/div>Deep Cleaning<\/div><div class=\"themestek-ptable-line\"><div class=\"themestek-vc_icon_element themestek-vc_icon_element-outer themestek-vc_icon_element-align-left \"><div class=\"themestek-vc_icon_element-inner  themestek-vc_icon_element-color-skincolor themestek-vc_icon_element-size-xs themestek-vc_icon_element-style- themestek-vc_icon_element-background-color-grey\"><span class=\"themestek-vc_icon_element-icon fa fa-check\"><\/span><\/div><\/div>Clean Inside The Fridge <\/div><div class=\"themestek-ptable-line\"><div class=\"themestek-vc_icon_element themestek-vc_icon_element-outer themestek-vc_icon_element-align-left \"><div class=\"themestek-vc_icon_element-inner  themestek-vc_icon_element-color-skincolor themestek-vc_icon_element-size-xs themestek-vc_icon_element-style- themestek-vc_icon_element-background-color-grey\"><span class=\"themestek-vc_icon_element-icon fa fa-check\"><\/span><\/div><\/div>Move In Cleaning<\/div><\/div>\t<\/div>\r\n\t\t\t\r\n\t\t<div class=\"themestek-vc_btn3-container themestek-vc_btn3-inline\"><a class=\"themestek-vc_general themestek-vc_btn3 themestek-vc_btn3-size-md themestek-vc_btn3-shape-rounded themestek-vc_btn3-style-flat themestek-vc_btn3-weight-yes themestek-vc_btn3-color-inverse\" href=\"#\" title=\"\">BUY NOW<\/a><\/div>\t<\/div>\r\n<\/div><\/div><div class=\"themestek-ptable-column-w col-md-4 themestek-ptablebox-featured-col \"><div class=\"themestek-ptable-column-inner\"><div class=\"themestek-ptablebox themestek-ptablebox-style-1 \">\r\n\t\t<div class=\"themestek-ptable-main\">\r\n\t\t<div class=\"themestek-ptable-icon\">\r\n\t\t\t<div class=\"themestek-sbox-icon-wrapper\"><i class=\"themestek-cleaninco-business-icon themestek-cleaninco-business-icon-brush\"><\/i><\/div>\t\t<\/div>\r\n\t\t<h3 class=\"themestek-ptable-heading\">Premium<\/h3>\r\n\t\t<div class=\"themestek-sep\"><\/div>\r\n\t\t<div class=\"themestek-ptable-price-w\">\r\n\t\t\t\t\t\t<div class=\"themestek-ptable-price\">99<\/div>\r\n\t\t\t<div class=\"themestek-ptable-cur-symbol-after\">$<\/div>\t\t\r\n\t\t\t<div class=\"themestek-ptable-frequency\">Monthly<\/div>\r\n\t\t<\/div>\r\n\t<\/div>\r\n\t<div class=\"themestek-ptablebox-colum themestek-ptablebox-featurebox\">\r\n\t\t<div class=\"themestek-ptable-lines-w\"><div class=\"themestek-ptable-line\"><div class=\"themestek-vc_icon_element themestek-vc_icon_element-outer themestek-vc_icon_element-align-left \"><div class=\"themestek-vc_icon_element-inner  themestek-vc_icon_element-color-skincolor themestek-vc_icon_element-size-xs themestek-vc_icon_element-style- themestek-vc_icon_element-background-color-grey\"><span class=\"themestek-vc_icon_element-icon fa fa-check\"><\/span><\/div><\/div>Deep Cleaning<\/div><div class=\"themestek-ptable-line\"><div class=\"themestek-vc_icon_element themestek-vc_icon_element-outer themestek-vc_icon_element-align-left \"><div class=\"themestek-vc_icon_element-inner  themestek-vc_icon_element-color-skincolor themestek-vc_icon_element-size-xs themestek-vc_icon_element-style- themestek-vc_icon_element-background-color-grey\"><span class=\"themestek-vc_icon_element-icon fa fa-check\"><\/span><\/div><\/div>Clean Inside The Fridge <\/div><div class=\"themestek-ptable-line\"><div class=\"themestek-vc_icon_element themestek-vc_icon_element-outer themestek-vc_icon_element-align-left \"><div class=\"themestek-vc_icon_element-inner  themestek-vc_icon_element-color-skincolor themestek-vc_icon_element-size-xs themestek-vc_icon_element-style- themestek-vc_icon_element-background-color-grey\"><span class=\"themestek-vc_icon_element-icon fa fa-check\"><\/span><\/div><\/div>Move In Cleaning<\/div><\/div>\t<\/div>\r\n\t\t\t\r\n\t\t<div class=\"themestek-vc_btn3-container themestek-vc_btn3-inline\"><a class=\"themestek-vc_general themestek-vc_btn3 themestek-vc_btn3-size-md themestek-vc_btn3-shape-rounded themestek-vc_btn3-style-flat themestek-vc_btn3-weight-yes themestek-vc_btn3-color-inverse\" href=\"#\" title=\"\">BUY NOW<\/a><\/div>\t<\/div>\r\n<\/div><\/div><div class=\"themestek-ptable-column-w col-md-4  \"><div class=\"themestek-ptable-column-inner\"><div class=\"themestek-ptablebox themestek-ptablebox-style-1 \">\r\n\t\t<div class=\"themestek-ptable-main\">\r\n\t\t<div class=\"themestek-ptable-icon\">\r\n\t\t\t<div class=\"themestek-sbox-icon-wrapper\"><i class=\"themestek-cleaninco-business-icon themestek-cleaninco-business-icon-vacuum-1\"><\/i><\/div>\t\t<\/div>\r\n\t\t<h3 class=\"themestek-ptable-heading\">Commercial<\/h3>\r\n\t\t<div class=\"themestek-sep\"><\/div>\r\n\t\t<div class=\"themestek-ptable-price-w\">\r\n\t\t\t\t\t\t<div class=\"themestek-ptable-price\">299<\/div>\r\n\t\t\t<div class=\"themestek-ptable-cur-symbol-after\">$<\/div>\t\t\r\n\t\t\t<div class=\"themestek-ptable-frequency\">Monthly<\/div>\r\n\t\t<\/div>\r\n\t<\/div>\r\n\t<div class=\"themestek-ptablebox-colum themestek-ptablebox-featurebox\">\r\n\t\t<div class=\"themestek-ptable-lines-w\"><div class=\"themestek-ptable-line\"><div class=\"themestek-vc_icon_element themestek-vc_icon_element-outer themestek-vc_icon_element-align-left \"><div class=\"themestek-vc_icon_element-inner  themestek-vc_icon_element-color-skincolor themestek-vc_icon_element-size-xs themestek-vc_icon_element-style- themestek-vc_icon_element-background-color-grey\"><span class=\"themestek-vc_icon_element-icon fa fa-check\"><\/span><\/div><\/div>Deep Cleaning<\/div><div class=\"themestek-ptable-line\"><div class=\"themestek-vc_icon_element themestek-vc_icon_element-outer themestek-vc_icon_element-align-left \"><div class=\"themestek-vc_icon_element-inner  themestek-vc_icon_element-color-skincolor themestek-vc_icon_element-size-xs themestek-vc_icon_element-style- themestek-vc_icon_element-background-color-grey\"><span class=\"themestek-vc_icon_element-icon fa fa-check\"><\/span><\/div><\/div>Clean Inside The Fridge <\/div><div class=\"themestek-ptable-line\"><div class=\"themestek-vc_icon_element themestek-vc_icon_element-outer themestek-vc_icon_element-align-left \"><div class=\"themestek-vc_icon_element-inner  themestek-vc_icon_element-color-skincolor themestek-vc_icon_element-size-xs themestek-vc_icon_element-style- themestek-vc_icon_element-background-color-grey\"><span class=\"themestek-vc_icon_element-icon fa fa-check\"><\/span><\/div><\/div>Move In Cleaning<\/div><\/div>\t<\/div>\r\n\t\t\t\r\n\t\t<div class=\"themestek-vc_btn3-container themestek-vc_btn3-inline\"><a class=\"themestek-vc_general themestek-vc_btn3 themestek-vc_btn3-size-md themestek-vc_btn3-shape-rounded themestek-vc_btn3-style-flat themestek-vc_btn3-weight-yes themestek-vc_btn3-color-inverse\" href=\"\" title=\"\">BUY NOW<\/a><\/div>\t<\/div>\r\n<\/div><\/div><\/div>[\/vc_column][\/vc_row][vc_row themestek_textcolor=\u00a0\u00bbwhite\u00a0\u00bb full_width=\u00a0\u00bbstretch_row\u00a0\u00bb equal_height=\u00a0\u00bbyes\u00a0\u00bb css=\u00a0\u00bb.vc_custom_1557487815381{padding-top: 71px !important;padding-bottom: 50px !important;background-image: url(https:\/\/cleaninco-demo.pbminfotech.com\/wp-content\/uploads\/2019\/04\/bg-img.png?id=9388) !important;background-position: center !important;background-repeat: no-repeat !important;background-size: cover !important;}\u00a0\u00bb][vc_column]<div class=\"themestek-ihbox themestek-ihbox-style-4 themestek-ihbox-itype-icon \">\r\n\t<div class=\"themestek-sbox-bgimage-layer themestek-bgimage-layer\"><\/div>\r\n\t<div class=\"themestek-ihbox-wrapper-bg-layer themestek-bg-layer\"><\/div>\r\n\t<div class=\"themestek-ihbox-inner\">\r\n\t\t<div class=\"themestek-ihbox-icon\">\r\n\t\t\t<div class=\"themestek-ihbox-icon-wrapper\"><i class=\"themestek-cleaninco-business-icon themestek-cleaninco-business-icon-brush-2\"><\/i><\/div>\t\t<\/div>\r\n\t\t<div class=\"themestek-ihbox-contents\">\r\n\t\t\t<div class=\"themestek-vc_general themestek-vc_cta3 themestek-cta3-only themestek-vc_cta3-style-classic themestek-vc_cta3-shape-rounded themestek-vc_cta3-align-left themestek-vc_cta3-color-transparent themestek-vc_cta3-icon-size-md themestek-vc_cta3-actions-no themestek-cta3-with-desc\"><div class=\"themestek-vc_cta3_content-container\"><div class=\"themestek-vc_cta3-content\"><div class=\"themestek-vc_cta3-content-header themestek-wrap\"><div class=\"themestek-vc_cta3-headers themestek-wrap-cell\"><h2 class=\"themestek-custom-heading \">Get professional &amp; affortable<br \/> carpet cleaner today.<\/h2>\n<\/div><\/div><div class=\"themestek-cta3-content-wrapper\"> <\/div><\/div><\/div><\/div>\t\t\t\t\t\t\t\t<\/div><!-- .themestek-ihbox-contents -->\r\n\t<\/div>\r\n<\/div>\r\n\r\n\t\t<div class=\"themestek-vc_btn3-container themestek-vc_btn3-center vc_custom_1558502579658\"><a class=\"themestek-vc_general themestek-vc_btn3 themestek-vc_btn3-size-md themestek-vc_btn3-shape-square themestek-vc_btn3-style-flat themestek-vc_btn3-weight-no themestek-vc_btn3-color-inverse\" href=\"\" title=\"\">Estimation gratuite<\/a><\/div>[\/vc_column][\/vc_row][vc_row][vc_column width=\u00a0\u00bb1\/2&Prime;]<div class=\"themestek-element-heading-wrapper themestek-heading-inner themestek-element-align-left themestek-seperator-none \"><section class=\"themestek-vc_cta3-container\"><div class=\"themestek-vc_general themestek-vc_cta3 themestek-cta3-only themestek-vc_cta3-style-classic themestek-vc_cta3-shape-rounded themestek-vc_cta3-align-left themestek-vc_cta3-color-transparent themestek-vc_cta3-icon-size-md themestek-vc_cta3-actions-no themestek-cta3-without-desc\"><div class=\"themestek-vc_cta3_content-container\"><div class=\"themestek-vc_cta3-content\"><div class=\"themestek-vc_cta3-content-header themestek-wrap\"><div class=\"themestek-vc_cta3-headers themestek-wrap-cell\"><h4 class=\"themestek-custom-heading \" >Our Skills<\/h4>\n<h2 class=\"themestek-custom-heading \" >Discover the Great Benefits<br \/>\nof Our Skills<\/h2>\n<\/div><\/div><\/div><\/div><\/div><\/section><\/div> <!-- .themestek-element-heading-wrapper container --> [vc_column_text]<\/p>\n<div id=\"sc_title_839696108\" class=\"sc_title color_style_default sc_title_default\">\n<div class=\"sc_item_descr sc_title_descr sc_align_left\">  Nous fournissons toutes les bases auxquelles vous vous attendez, ainsi que les \u00ab&nbsp;extras&nbsp;\u00bb de nettoyage et les touches sp\u00e9ciales difficiles \u00e0 trouver ailleurs.<\/p>\n<p>Nos services de nettoyage sont complets, coh\u00e9rents et personnalis\u00e9s. Si vous souhaitez demander un service sp\u00e9cial, modifiez votre horaire de nettoyage ou \u00e9vitez une zone de votre maison. <\/p><\/div>\n<\/div>\n<p>[\/vc_column_text][\/vc_column][vc_column width=\u00a0\u00bb1\/2&Prime; css=\u00a0\u00bb.vc_custom_1558593547894{padding-top: 60px !important;padding-left: 50px !important;}\u00a0\u00bb themestek_responsive_css=\u00a0\u00bb72941091|colbreak_no|||||||||colbreak_no|||||||||colbreak_no|||||20|||30||colbreak_no|||||||||\u00a0\u00bb]<div class=\"themestek-progress-bar vc_progress_bar wpb_content_element vc_progress-bar-color-skincolor vc_progress-bar-color-skincolor\"><div class=\"themestek-pbar-single-bar-w themestek-pbar-icon-false\"><div class=\"vc_general vc_single_bar\"><small class=\"vc_label\">\u0421leaning<\/small> <span class=\"themestek-vc_label_units vc_label_units\">90%<\/span><span class=\"vc_bar \" data-percentage-value=\"90\" data-value=\"90\"><\/span><\/div><\/div><div class=\"themestek-pbar-single-bar-w themestek-pbar-icon-false\"><div class=\"vc_general vc_single_bar\"><small class=\"vc_label\">Organization<\/small> <span class=\"themestek-vc_label_units vc_label_units\">80%<\/span><span class=\"vc_bar \" data-percentage-value=\"80\" data-value=\"80\"><\/span><\/div><\/div><div class=\"themestek-pbar-single-bar-w themestek-pbar-icon-false\"><div class=\"vc_general vc_single_bar\"><small class=\"vc_label\">Repairs<\/small> <span class=\"themestek-vc_label_units vc_label_units\">70%<\/span><span class=\"vc_bar \" data-percentage-value=\"70\" data-value=\"70\"><\/span><\/div><\/div><\/div>[\/vc_column][\/vc_row][vc_row full_width=\u00a0\u00bbstretch_row\u00a0\u00bb css=\u00a0\u00bb.vc_custom_1558606015046{padding-top: 0px !important;}\u00a0\u00bb][vc_column]<div class=\"themestek-boxes themestek-boxes-client themestek-boxes-view-carousel themestek-boxes-col-six themestek-boxes-sortable-no themestek-boxes-textalign-center themestek-boxes-sortablebutton- themestek-boxes-carousel-arrows-above themestek-boxes-txtalign-center vc_custom_1556281792287\" data-themestek-speed=\"1500\" data-themestek-autoplay=\"1\" data-themestek-autoplayspeed=\"4500\" data-themestek-loop=\"1\" data-themestek-dots=\"0\" data-themestek-nav=\"above\" data-themestek-centermode=\"0\" data-themestek-pauseonfocus=\"1\" data-themestek-pauseonhover=\"1\" data-themestek-slidestoscroll=\"column\" data-themestek-effecttype=\"slide\">\r\n\t\t<div class=\"themestek-boxes-inner themestek-boxes-client-inner \"><\/div><!-- .themestek-boxes-inner -->   <\/div><!-- .themestek-boxes -->  [\/vc_column][\/vc_row]<\/p>\n<\/div>","protected":false},"excerpt":{"rendered":"<p>[vc_row full_width=\u00a0\u00bbstretch_row\u00a0\u00bb css=\u00a0\u00bb.vc_custom_1557566612852{background-image: url(https:\/\/cleaninco-demo.pbminfotech.com\/wp-content\/uploads\/2019\/05\/bg-07.png?id=10216) !important;background-position: 0 0 !important;background-repeat: no-repeat !important;}\u00a0\u00bb][vc_column][\/vc_column][\/vc_row][vc_row themestek_textcolor=\u00a0\u00bbwhite\u00a0\u00bb full_width=\u00a0\u00bbstretch_row\u00a0\u00bb equal_height=\u00a0\u00bbyes\u00a0\u00bb css=\u00a0\u00bb.vc_custom_1557487815381{padding-top: 71px !important;padding-bottom: 50px !important;background-image: url(https:\/\/cleaninco-demo.pbminfotech.com\/wp-content\/uploads\/2019\/04\/bg-img.png?id=9388) !important;background-position: center !important;background-repeat: no-repeat !important;background-size: cover !important;}\u00a0\u00bb][vc_column][\/vc_column][\/vc_row][vc_row][vc_column width=\u00a0\u00bb1\/2&Prime;][vc_column_text] Nous fournissons toutes les bases auxquelles vous vous attendez, ainsi que les \u00ab&nbsp;extras&nbsp;\u00bb de nettoyage et les touches sp\u00e9ciales difficiles \u00e0 trouver ailleurs. Nos services de nettoyage sont &hellip; <a href=\"https:\/\/www.prime-clean.com\/fr\/nos-prix\/\" class=\"more-link\">Continue reading <span class=\"screen-reader-text\">Nos prix<\/span><\/a><\/p>\n","protected":false},"author":1,"featured_media":0,"parent":0,"menu_order":5,"comment_status":"closed","ping_status":"closed","template":"","meta":{"footnotes":""},"class_list":["post-16275","page","type-page","status-publish","hentry"],"yoast_head":"<!-- This site is optimized with the Yoast SEO Premium plugin v26.9 (Yoast SEO v26.9) - https:\/\/yoast.com\/product\/yoast-seo-premium-wordpress\/ -->\n<title>Nos prix - Entreprise de nettoyage Prime Clean<\/title>\n<meta name=\"robots\" content=\"index, follow, max-snippet:-1, max-image-preview:large, max-video-preview:-1\" \/>\n<link rel=\"canonical\" href=\"https:\/\/www.prime-clean.com\/fr\/nos-prix\/\" \/>\n<meta property=\"og:locale\" content=\"fr_FR\" \/>\n<meta property=\"og:type\" content=\"article\" \/>\n<meta property=\"og:title\" content=\"Nos prix\" \/>\n<meta property=\"og:description\" content=\"[vc_row full_width=\u00a0\u00bbstretch_row\u00a0\u00bb css=\u00a0\u00bb.vc_custom_1557566612852{background-image: url(https:\/\/cleaninco-demo.pbminfotech.com\/wp-content\/uploads\/2019\/05\/bg-07.png?id=10216) !important;background-position: 0 0 !important;background-repeat: no-repeat !important;}\u00a0\u00bb][vc_column][\/vc_column][\/vc_row][vc_row themestek_textcolor=\u00a0\u00bbwhite\u00a0\u00bb full_width=\u00a0\u00bbstretch_row\u00a0\u00bb equal_height=\u00a0\u00bbyes\u00a0\u00bb css=\u00a0\u00bb.vc_custom_1557487815381{padding-top: 71px !important;padding-bottom: 50px !important;background-image: url(https:\/\/cleaninco-demo.pbminfotech.com\/wp-content\/uploads\/2019\/04\/bg-img.png?id=9388) !important;background-position: center !important;background-repeat: no-repeat !important;background-size: cover !important;}\u00a0\u00bb][vc_column][\/vc_column][\/vc_row][vc_row][vc_column width=\u00a0\u00bb1\/2&Prime;][vc_column_text] Nous fournissons toutes les bases auxquelles vous vous attendez, ainsi que les \u00ab&nbsp;extras&nbsp;\u00bb de nettoyage et les touches sp\u00e9ciales difficiles \u00e0 trouver ailleurs. Nos services de nettoyage sont &hellip; Continue reading Nos prix\" \/>\n<meta property=\"og:url\" content=\"https:\/\/www.prime-clean.com\/fr\/nos-prix\/\" \/>\n<meta property=\"og:site_name\" content=\"Entreprise de nettoyage Prime Clean\" \/>\n<meta property=\"article:publisher\" content=\"https:\/\/www.facebook.com\/FranchisingLimpezasPrimeClean\/\" \/>\n<meta property=\"article:modified_time\" content=\"2024-12-29T16:20:28+00:00\" \/>\n<meta property=\"og:image\" content=\"https:\/\/www.prime-clean.com\/wp-content\/uploads\/2025\/01\/Ja-conhece.jpg\" \/>\n\t<meta property=\"og:image:width\" content=\"1200\" \/>\n\t<meta property=\"og:image:height\" content=\"675\" \/>\n\t<meta property=\"og:image:type\" content=\"image\/jpeg\" \/>\n<meta name=\"twitter:card\" content=\"summary_large_image\" \/>\n<meta name=\"twitter:site\" content=\"@primecleangroup\" \/>\n<meta name=\"twitter:label1\" content=\"Dur\u00e9e de lecture estim\u00e9e\" \/>\n\t<meta name=\"twitter:data1\" content=\"7 minutes\" \/>\n<script type=\"application\/ld+json\" class=\"yoast-schema-graph\">{\"@context\":\"https:\/\/schema.org\",\"@graph\":[{\"@type\":\"WebPage\",\"@id\":\"https:\/\/www.prime-clean.com\/fr\/nos-prix\/\",\"url\":\"https:\/\/www.prime-clean.com\/fr\/nos-prix\/\",\"name\":\"Nos prix - Entreprise de nettoyage Prime Clean\",\"isPartOf\":{\"@id\":\"https:\/\/www.prime-clean.com\/fr\/#website\"},\"datePublished\":\"2019-05-13T11:54:34+00:00\",\"dateModified\":\"2024-12-29T16:20:28+00:00\",\"breadcrumb\":{\"@id\":\"https:\/\/www.prime-clean.com\/fr\/nos-prix\/#breadcrumb\"},\"inLanguage\":\"fr-FR\",\"potentialAction\":[{\"@type\":\"ReadAction\",\"target\":[\"https:\/\/www.prime-clean.com\/fr\/nos-prix\/\"]}]},{\"@type\":\"BreadcrumbList\",\"@id\":\"https:\/\/www.prime-clean.com\/fr\/nos-prix\/#breadcrumb\",\"itemListElement\":[{\"@type\":\"ListItem\",\"position\":1,\"name\":\"In\u00edcio\",\"item\":\"https:\/\/www.prime-clean.com\/fr\/\"},{\"@type\":\"ListItem\",\"position\":2,\"name\":\"Nos prix\"}]},{\"@type\":\"WebSite\",\"@id\":\"https:\/\/www.prime-clean.com\/fr\/#website\",\"url\":\"https:\/\/www.prime-clean.com\/fr\/\",\"name\":\"Empresa de limpezas Prime Clean\",\"description\":\"L'entreprise de nettoyage Prime Clean est la meilleure option en mati\u00e8re de services de nettoyage domestique et commercial.\",\"alternateName\":\"Empresa de limpezas\",\"potentialAction\":[{\"@type\":\"SearchAction\",\"target\":{\"@type\":\"EntryPoint\",\"urlTemplate\":\"https:\/\/www.prime-clean.com\/fr\/?s={search_term_string}\"},\"query-input\":{\"@type\":\"PropertyValueSpecification\",\"valueRequired\":true,\"valueName\":\"search_term_string\"}}],\"inLanguage\":\"fr-FR\"}]}<\/script>\n<!-- \/ Yoast SEO Premium plugin. -->","yoast_head_json":{"title":"Nos prix - Entreprise de nettoyage Prime Clean","robots":{"index":"index","follow":"follow","max-snippet":"max-snippet:-1","max-image-preview":"max-image-preview:large","max-video-preview":"max-video-preview:-1"},"canonical":"https:\/\/www.prime-clean.com\/fr\/nos-prix\/","og_locale":"fr_FR","og_type":"article","og_title":"Nos prix","og_description":"[vc_row full_width=\u00a0\u00bbstretch_row\u00a0\u00bb css=\u00a0\u00bb.vc_custom_1557566612852{background-image: url(https:\/\/cleaninco-demo.pbminfotech.com\/wp-content\/uploads\/2019\/05\/bg-07.png?id=10216) !important;background-position: 0 0 !important;background-repeat: no-repeat !important;}\u00a0\u00bb][vc_column][\/vc_column][\/vc_row][vc_row themestek_textcolor=\u00a0\u00bbwhite\u00a0\u00bb full_width=\u00a0\u00bbstretch_row\u00a0\u00bb equal_height=\u00a0\u00bbyes\u00a0\u00bb css=\u00a0\u00bb.vc_custom_1557487815381{padding-top: 71px !important;padding-bottom: 50px !important;background-image: url(https:\/\/cleaninco-demo.pbminfotech.com\/wp-content\/uploads\/2019\/04\/bg-img.png?id=9388) !important;background-position: center !important;background-repeat: no-repeat !important;background-size: cover !important;}\u00a0\u00bb][vc_column][\/vc_column][\/vc_row][vc_row][vc_column width=\u00a0\u00bb1\/2&Prime;][vc_column_text] Nous fournissons toutes les bases auxquelles vous vous attendez, ainsi que les \u00ab&nbsp;extras&nbsp;\u00bb de nettoyage et les touches sp\u00e9ciales difficiles \u00e0 trouver ailleurs. Nos services de nettoyage sont &hellip; Continue reading Nos prix","og_url":"https:\/\/www.prime-clean.com\/fr\/nos-prix\/","og_site_name":"Entreprise de nettoyage Prime Clean","article_publisher":"https:\/\/www.facebook.com\/FranchisingLimpezasPrimeClean\/","article_modified_time":"2024-12-29T16:20:28+00:00","og_image":[{"width":1200,"height":675,"url":"https:\/\/www.prime-clean.com\/wp-content\/uploads\/2025\/01\/Ja-conhece.jpg","type":"image\/jpeg"}],"twitter_card":"summary_large_image","twitter_site":"@primecleangroup","twitter_misc":{"Dur\u00e9e de lecture estim\u00e9e":"7 minutes"},"schema":{"@context":"https:\/\/schema.org","@graph":[{"@type":"WebPage","@id":"https:\/\/www.prime-clean.com\/fr\/nos-prix\/","url":"https:\/\/www.prime-clean.com\/fr\/nos-prix\/","name":"Nos prix - Entreprise de nettoyage Prime Clean","isPartOf":{"@id":"https:\/\/www.prime-clean.com\/fr\/#website"},"datePublished":"2019-05-13T11:54:34+00:00","dateModified":"2024-12-29T16:20:28+00:00","breadcrumb":{"@id":"https:\/\/www.prime-clean.com\/fr\/nos-prix\/#breadcrumb"},"inLanguage":"fr-FR","potentialAction":[{"@type":"ReadAction","target":["https:\/\/www.prime-clean.com\/fr\/nos-prix\/"]}]},{"@type":"BreadcrumbList","@id":"https:\/\/www.prime-clean.com\/fr\/nos-prix\/#breadcrumb","itemListElement":[{"@type":"ListItem","position":1,"name":"In\u00edcio","item":"https:\/\/www.prime-clean.com\/fr\/"},{"@type":"ListItem","position":2,"name":"Nos prix"}]},{"@type":"WebSite","@id":"https:\/\/www.prime-clean.com\/fr\/#website","url":"https:\/\/www.prime-clean.com\/fr\/","name":"Empresa de limpezas Prime Clean","description":"L'entreprise de nettoyage Prime Clean est la meilleure option en mati\u00e8re de services de nettoyage domestique et commercial.","alternateName":"Empresa de limpezas","potentialAction":[{"@type":"SearchAction","target":{"@type":"EntryPoint","urlTemplate":"https:\/\/www.prime-clean.com\/fr\/?s={search_term_string}"},"query-input":{"@type":"PropertyValueSpecification","valueRequired":true,"valueName":"search_term_string"}}],"inLanguage":"fr-FR"}]}},"_links":{"self":[{"href":"https:\/\/www.prime-clean.com\/fr\/wp-json\/wp\/v2\/pages\/16275","targetHints":{"allow":["GET"]}}],"collection":[{"href":"https:\/\/www.prime-clean.com\/fr\/wp-json\/wp\/v2\/pages"}],"about":[{"href":"https:\/\/www.prime-clean.com\/fr\/wp-json\/wp\/v2\/types\/page"}],"author":[{"embeddable":true,"href":"https:\/\/www.prime-clean.com\/fr\/wp-json\/wp\/v2\/users\/1"}],"replies":[{"embeddable":true,"href":"https:\/\/www.prime-clean.com\/fr\/wp-json\/wp\/v2\/comments?post=16275"}],"version-history":[{"count":1,"href":"https:\/\/www.prime-clean.com\/fr\/wp-json\/wp\/v2\/pages\/16275\/revisions"}],"predecessor-version":[{"id":16288,"href":"https:\/\/www.prime-clean.com\/fr\/wp-json\/wp\/v2\/pages\/16275\/revisions\/16288"}],"wp:attachment":[{"href":"https:\/\/www.prime-clean.com\/fr\/wp-json\/wp\/v2\/media?parent=16275"}],"curies":[{"name":"wp","href":"https:\/\/api.w.org\/{rel}","templated":true}]}}