{"id":13582,"date":"2024-05-10T18:31:07","date_gmt":"2024-05-10T18:31:07","guid":{"rendered":"https:\/\/www.prime-clean.com\/en-savoir-plus-sur-prime-clean\/"},"modified":"2024-12-26T00:42:17","modified_gmt":"2024-12-26T00:42:17","slug":"en-savoir-plus-sur-prime-clean","status":"publish","type":"page","link":"https:\/\/www.prime-clean.com\/fr\/en-savoir-plus-sur-prime-clean\/","title":{"rendered":"En savoir plus sur Prime Clean"},"content":{"rendered":"<div class=\"wpb-content-wrapper\"><p>[vc_row][vc_column]<div class=\"themestek-element-heading-wrapper themestek-heading-inner themestek-element-align-center themestek-seperator-none \"><section class=\"themestek-vc_cta3-container\"><div class=\"themestek-vc_general themestek-vc_cta3 themestek-cta3-only themestek-vc_cta3-style-classic themestek-vc_cta3-shape-rounded themestek-vc_cta3-align-center themestek-vc_cta3-color-transparent themestek-vc_cta3-icon-size-md themestek-vc_cta3-actions-no themestek-cta3-without-desc\"><div class=\"themestek-vc_cta3_content-container\"><div class=\"themestek-vc_cta3-content\"><div class=\"themestek-vc_cta3-content-header themestek-wrap\"><div class=\"themestek-vc_cta3-headers themestek-wrap-cell\"><h4 class=\"themestek-custom-heading \" >Prime Clean - Limpezas dom\u00e9sticas e Comerciais<\/h4>\n<h2 class=\"themestek-custom-heading \" >Saiba mais sobre a empresa de limpezas Prime Clean<\/h2>\n<\/div><\/div><\/div><\/div><\/div><\/section><\/div> <!-- .themestek-element-heading-wrapper container --> [\/vc_column][\/vc_row][vc_row css=\u00a0\u00bb.vc_custom_1715366396394{margin-top: -250px !important;}\u00a0\u00bb][vc_column][vc_column_text]<\/p>\n<h1><strong>Plus qu\u2019une entreprise de nettoyage, une histoire \u00e0 succ\u00e8s<\/strong><\/h1>\n<p>Prime Clean est plus qu\u2019une simple entreprise de nettoyage r\u00e9sidentiel et commercial. C\u2019est la mat\u00e9rialisation du r\u00eave entrepreneurial de Jorge Couto, qui, en identifiant une lacune dans la professionnalisation du secteur, a id\u00e9alis\u00e9 un concept innovant : Prime Clean. <\/p>\n<h2><strong>Prime Clean garantit \u00e0 ses clients :<\/strong><\/h2>\n<ul>\n<li><strong>Confiance totale :<\/strong> Des professionnels hautement qualifi\u00e9s et standardis\u00e9s, avec une aptitude v\u00e9rifi\u00e9e et des services assur\u00e9s contre les accidents.<\/li>\n<li><strong>S\u00e9curit\u00e9:<\/strong> Engagement pour votre tranquillit\u00e9 d\u2019esprit et votre bien-\u00eatre.<\/li>\n<li><strong>Qualit\u00e9 irr\u00e9prochable :<\/strong> D\u2019excellents services qui r\u00e9pondent \u00e0 vos besoins sp\u00e9cifiques.<\/li>\n<\/ul>\n<h2><strong>Port\u00e9e nationale et reconnaissance consolid\u00e9e :<\/strong><\/h2>\n<p>Depuis son lancement au Portugal, Prime Clean a conquis le march\u00e9 de mani\u00e8re fulgurante. Elle est rapidement devenue un leader dans la ville de Set\u00fabal et s\u2019est d\u00e9velopp\u00e9e dans tout le pays gr\u00e2ce au mod\u00e8le de franchise. En moins de deux ans, elle s\u2019est impos\u00e9e comme la principale r\u00e9f\u00e9rence nationale du secteur, d\u00e9montrant la qualit\u00e9 et l\u2019engagement de la marque.  <\/p>\n<h2><strong>Des services de nettoyage adapt\u00e9s \u00e0 vos besoins :<\/strong><\/h2>\n<p>Chez Prime Clean, le client est au centre de tout. Nous offrons des services de nettoyage personnalis\u00e9s qui s\u2019adaptent \u00e0 vos besoins et pr\u00e9f\u00e9rences. <\/p>\n<ul>\n<li><strong>Flexibilit\u00e9:<\/strong> Plans de nettoyage adaptables \u00e0 votre routine et \u00e0 votre budget.<\/li>\n<li><strong>Personnalisation:<\/strong> Des services sur mesure, selon vos instructions sp\u00e9cifiques pour le nettoyage et l\u2019organisation des espaces.<\/li>\n<li><strong>Accompagnement:<\/strong> Technicien commercial d\u00e9di\u00e9 \u00e0 votre r\u00e9gion pour assurer votre enti\u00e8re satisfaction.<\/li>\n<li><strong>Communication ouverte :<\/strong> Canal direct pour les commentaires et les suggestions, visant l\u2019am\u00e9lioration continue de nos services.<\/li>\n<\/ul>\n<h2><strong>La tranquillit\u00e9 et la confiance avant tout :<\/strong><\/h2>\n<p>Nous croyons en l\u2019\u00e9tablissement de relations de confiance mutuelle avec nos clients. Par cons\u00e9quent, nous n\u2019exigeons pas de contrats \u00e9crits qui vous lient \u00e0 un engagement formel. Votre parole suffit pour que nous puissions entamer un partenariat fructueux.  <\/p>\n<h3><strong>Qualit\u00e9 garantie :<\/strong><\/h3>\n<p>Si, pour une raison quelconque, vous n\u2019\u00eates pas satisfait de nos services, il vous suffit de nous contacter. Nous reviendrons sur les lieux et referons le m\u00e9nage sans frais suppl\u00e9mentaires. Notre objectif est d\u2019assurer votre enti\u00e8re satisfaction et de cr\u00e9er un plan de nettoyage personnalis\u00e9 qui r\u00e9pond \u00e0 vos besoins sp\u00e9cifiques.  <\/p>\n<h4><strong>Rejoignez Prime Clean et faites partie du succ\u00e8s !<\/strong><\/h4>\n<p>Devenez un franchis\u00e9 Prime Clean et faites partie d\u2019une r\u00e9ussite \u00e9prouv\u00e9e. Offrez des services de nettoyage de qualit\u00e9 \u00e0 vos clients et b\u00e2tissez une entreprise rentable et enrichissante. <\/p>\n<h4><strong>Prime Clean : votre bon choix pour un nettoyage impeccable et une tranquillit\u00e9 d\u2019esprit absolue.<\/strong><\/h4>\n<p>[\/vc_column_text][\/vc_column][\/vc_row][vc_row themestek_textcolor=\u00a0\u00bbwhite\u00a0\u00bb full_width=\u00a0\u00bbstretch_row\u00a0\u00bb equal_height=\u00a0\u00bbyes\u00a0\u00bb css=\u00a0\u00bb.vc_custom_1559811245484{padding-top: 120px !important;padding-bottom: 100px !important;background-image: url(https:\/\/cleaninco-demo.pbminfotech.com\/wp-content\/uploads\/2019\/04\/bg-img.png?id=9388) !important;background-position: center !important;background-repeat: no-repeat !important;background-size: cover !important;}\u00a0\u00bb][vc_column]<h4 style=\"text-align:center;font-size:22px;line-height:28px;color:#ffffff;\" class=\"themestek-custom-heading \" >Vous avez des questions que vous aimeriez \u00e9claircir ?<\/h4>\n<h2 style=\"text-align:center;font-size:50px;line-height:60px;color:#ffffff;\" class=\"themestek-custom-heading \" >+(351) 210 015 275<\/h2>\n<h4 style=\"text-align:center;font-size:18px;line-height:28px;color:#ffffff;\" class=\"themestek-custom-heading \" >Appel vers le poste fixe national<\/h4>\n[\/vc_column][\/vc_row][vc_row full_width=\u00a0\u00bbstretch_row\u00a0\u00bb css=\u00a0\u00bb.vc_custom_1556100212925{background-color: #f4fbfd !important;}\u00a0\u00bb][vc_column]<div class=\"themestek-element-heading-wrapper themestek-heading-inner themestek-element-align-center themestek-seperator-none \"><section class=\"themestek-vc_cta3-container\"><div class=\"themestek-vc_general themestek-vc_cta3 themestek-cta3-only themestek-vc_cta3-style-classic themestek-vc_cta3-shape-rounded themestek-vc_cta3-align-center themestek-vc_cta3-color-transparent themestek-vc_cta3-icon-size-md themestek-vc_cta3-actions-no themestek-cta3-without-desc\"><div class=\"themestek-vc_cta3_content-container\"><div class=\"themestek-vc_cta3-content\"><div class=\"themestek-vc_cta3-content-header themestek-wrap\"><div class=\"themestek-vc_cta3-headers themestek-wrap-cell\"><h4 class=\"themestek-custom-heading \" >DICAS, NOTICIAS E ARTIGOS<\/h4>\n<h2 class=\"themestek-custom-heading \" >Dicas, noticias e artigos da nossa empresa de limpezas<\/h2>\n<\/div><\/div><\/div><\/div><\/div><\/section><\/div> <!-- .themestek-element-heading-wrapper container --> [vc_row_inner][vc_column_inner offset=\u00a0\u00bbvc_col-lg-6 vc_col-md-12&Prime;]<div class=\"themestek-boxes themestek-boxes-blog themestek-boxes-view-default themestek-boxes-col-one themestek-boxes-sortable-no themestek-boxes-textalign-center themestek-boxes-sortablebutton-\">\r\n\t\t<div class=\"themestek-boxes-inner themestek-boxes-blog-inner \">\r\n\t\t\t\r\n\t\t\t<div class=\"row multi-columns-row themestek-boxes-row-wrapper\">\r\n\t\t\t\t<div class=\"themestek-box-col-wrapper col-lg-12 col-sm-12 col-md-12 col-xs-12 ts-term-57 ts-term-98\"><article class=\"themestek-box themestek-box-blog themestek-blogbox-style-3 themestek-blogbox-format- \">\r\n\t<div class=\"post-item\">\r\n\t\t<div class=\"themestek-blog-image-with-meta\">\r\n\t\t\t<div class=\"themestek-featured-wrapper themestek-post-featured-wrapper themestek-post-format-\"><img loading=\"lazy\" decoding=\"async\" width=\"800\" height=\"532\" src=\"https:\/\/www.prime-clean.com\/wp-content\/uploads\/2026\/03\/limpezas-domesticas-guimaraes-800x533.png\" class=\"attachment-themestek-img-800x533 size-themestek-img-800x533 wp-post-image\" alt=\"Nettoyage professionnel avec du personnel qualifi\u00e9 et du mat\u00e9riel moderne \u00e0 Guimar\u00e3es. Services de nettoyage r\u00e9sidentiel, commercial et industriel avec une garantie de qualit\u00e9 et d\u2019efficacit\u00e9.\" \/><\/div>\t\t\t<div class=\"themestek-meta-date\"> 26<span>Mar<\/span><\/div>\r\n\t\t<\/div>\r\n\t\t<div class=\"themestek-box-content\">\r\n\t\t\t<div class=\"themestek-entry-meta-wrapper\"><div class=\"entry-meta themestek-entry-meta themestek-entry-meta-blogclassic\"><span class=\"themestek-meta-line byline\">  <span class=\"author vcard\"><span class=\"screen-reader-text themestek-hide\">Author <\/span>Par <a class=\"url fn n\" href=\"https:\/\/www.prime-clean.com\/fr\/author\/jorge\/\">Miguel<\/a><\/span><\/span><span class=\"themestek-meta-line comments-link\"> <a href=\"https:\/\/www.prime-clean.com\/fr\/prime-clean-guimaraes-entreprise-de-nettoyage\/#respond\">Commentaire<\/a><\/span><span class=\"themestek-meta-line cat-links\"> <span class=\"screen-reader-text themestek-hide\">Categories <\/span><a href=\"https:\/\/www.prime-clean.com\/fr\/categorie\/entreprises-de-premier-ordre\/\" rel=\"category tag\">Entreprises de premier ordre<\/a>, <a href=\"https:\/\/www.prime-clean.com\/fr\/categorie\/nouvelles\/\" rel=\"category tag\">Nouvelles<\/a><\/span><\/div><\/div>\t\t\t<div class=\"themestek-box-title\"><h4><a href=\"https:\/\/www.prime-clean.com\/fr\/prime-clean-guimaraes-entreprise-de-nettoyage\/\">Prime Clean Guimar\u00e3es entreprise de nettoyage<\/a><\/h4><\/div>\t\t\t<div class=\"ts-blogbox-readmore\">\r\n\t\t\t\t\t\t\t\t<\/div>\r\n\t\t<\/div>\r\n\t<\/div>\r\n<\/article>\r\n<\/div>\r\n\t\t\t<\/div>\r\n\t\t<\/div><!-- .themestek-boxes-inner -->   <\/div><!-- .themestek-boxes -->  [\/vc_column_inner][vc_column_inner offset=\u00a0\u00bbvc_col-lg-6 vc_col-md-12&Prime;]<div class=\"themestek-boxes themestek-boxes-blog themestek-boxes-view-default themestek-boxes-col-one themestek-boxes-sortable-no themestek-boxes-textalign-center themestek-boxes-sortablebutton-\">\r\n\t\t<div class=\"themestek-boxes-inner themestek-boxes-blog-inner \">\r\n\t\t\t\r\n\t\t\t<div class=\"row multi-columns-row themestek-boxes-row-wrapper\">\r\n\t\t\t\t<div class=\"themestek-box-col-wrapper col-lg-12 col-sm-12 col-md-12 col-xs-12 ts-term-89\"><article class=\"themestek-box themestek-box-blog themestek-blogbox-style-2 themestek-blogbox-format-  themestek-blog-box-lr\">\r\n\t<div class=\"post-item clearfix\">\r\n        <div class=\"col-md-4 col-sm-4 themestek-box-img-right\">\r\n\t\t\t<div class=\"themestek-featured-wrapper themestek-post-featured-wrapper themestek-post-format-\"><img loading=\"lazy\" decoding=\"async\" width=\"800\" height=\"650\" src=\"https:\/\/www.prime-clean.com\/wp-content\/uploads\/2019\/03\/img-02-800x650.jpg\" class=\"attachment-themestek-img-800x650 size-themestek-img-800x650 wp-post-image\" alt=\"\" \/><\/div>\t\t<\/div>\r\n        <div class=\"themestek-box-content col-md-8 col-sm-8\">\r\n\t\t\t<div class=\"themestek-box-content-inner\">\r\n\r\n\t\t\t\t<div class=\"themestek-entry-meta-wrapper\"><div class=\"entry-meta themestek-entry-meta themestek-entry-meta-blogclassic\"><span class=\"themestek-meta-line byline\">  <span class=\"author vcard\"><span class=\"screen-reader-text themestek-hide\">Author <\/span>Par <a class=\"url fn n\" href=\"https:\/\/www.prime-clean.com\/fr\/author\/jorge\/\">Miguel<\/a><\/span><\/span><span class=\"themestek-meta-line comments-link\"> <a href=\"https:\/\/www.prime-clean.com\/fr\/pourquoi-faire-appel-a-une-entreprise-de-nettoyage-pour-votre-entreprise\/#respond\">Commentaire<\/a><\/span><span class=\"themestek-meta-line cat-links\"> <span class=\"screen-reader-text themestek-hide\">Categories <\/span><a href=\"https:\/\/www.prime-clean.com\/fr\/categorie\/conseils-de-nettoyage\/\" rel=\"category tag\">Conseils de Nettoyage<\/a><\/span><\/div><\/div>\t\t\t\t<div class=\"themestek-box-title\"><h4><a href=\"https:\/\/www.prime-clean.com\/fr\/pourquoi-faire-appel-a-une-entreprise-de-nettoyage-pour-votre-entreprise\/\">Pourquoi faire appel \u00e0 une entreprise de nettoyage pour votre entreprise ?<\/a><\/h4><\/div>\t\t\t\t<div class=\"ts-blogbox-readmore\">\r\n\t\t\t\t\t\t\t\t\t<\/div>\r\n            <\/div>\r\n        <\/div>\r\n\t<\/div>\r\n<\/article>\r\n<\/div><div class=\"themestek-box-col-wrapper col-lg-12 col-sm-12 col-md-12 col-xs-12 ts-term-40\"><article class=\"themestek-box themestek-box-blog themestek-blogbox-style-2 themestek-blogbox-format-  themestek-blog-box-lr\">\r\n\t<div class=\"post-item clearfix\">\r\n        <div class=\"col-md-4 col-sm-4 themestek-box-img-right\">\r\n\t\t\t<div class=\"themestek-featured-wrapper themestek-post-featured-wrapper themestek-post-format-\"><img loading=\"lazy\" decoding=\"async\" width=\"800\" height=\"650\" src=\"https:\/\/www.prime-clean.com\/wp-content\/uploads\/2019\/06\/img-01-800x650.jpg\" class=\"attachment-themestek-img-800x650 size-themestek-img-800x650 wp-post-image\" alt=\"\" \/><\/div>\t\t<\/div>\r\n        <div class=\"themestek-box-content col-md-8 col-sm-8\">\r\n\t\t\t<div class=\"themestek-box-content-inner\">\r\n\r\n\t\t\t\t<div class=\"themestek-entry-meta-wrapper\"><div class=\"entry-meta themestek-entry-meta themestek-entry-meta-blogclassic\"><span class=\"themestek-meta-line byline\">  <span class=\"author vcard\"><span class=\"screen-reader-text themestek-hide\">Author <\/span>Par <a class=\"url fn n\" href=\"https:\/\/www.prime-clean.com\/fr\/author\/jorge\/\">Miguel<\/a><\/span><\/span><span class=\"themestek-meta-line comments-link\"> <a href=\"https:\/\/www.prime-clean.com\/fr\/cinq-conseils-de-nettoyage-pour-votre-maison\/#respond\">Commentaire<\/a><\/span><span class=\"themestek-meta-line cat-links\"> <span class=\"screen-reader-text themestek-hide\">Categories <\/span><a href=\"https:\/\/www.prime-clean.com\/fr\/categorie\/non-classifiee\/\" rel=\"category tag\">Non classifi\u00e9(e)<\/a><\/span><\/div><\/div>\t\t\t\t<div class=\"themestek-box-title\"><h4><a href=\"https:\/\/www.prime-clean.com\/fr\/cinq-conseils-de-nettoyage-pour-votre-maison\/\">Cinq conseils de nettoyage pour votre maison<\/a><\/h4><\/div>\t\t\t\t<div class=\"ts-blogbox-readmore\">\r\n\t\t\t\t\t\t\t\t\t<\/div>\r\n            <\/div>\r\n        <\/div>\r\n\t<\/div>\r\n<\/article>\r\n<\/div><div class=\"themestek-box-col-wrapper col-lg-12 col-sm-12 col-md-12 col-xs-12 ts-term-57\"><article class=\"themestek-box themestek-box-blog themestek-blogbox-style-2 themestek-blogbox-format-chat  themestek-blog-box-lr\">\r\n\t<div class=\"post-item clearfix\">\r\n        <div class=\"col-md-4 col-sm-4 themestek-box-img-right\">\r\n\t\t\t<div class=\"themestek-featured-wrapper themestek-post-featured-wrapper themestek-post-format-chat\"><img loading=\"lazy\" decoding=\"async\" width=\"800\" height=\"650\" src=\"https:\/\/www.prime-clean.com\/wp-content\/uploads\/2018\/08\/empresa-limpezas-braga-800x650.jpg\" class=\"attachment-themestek-img-800x650 size-themestek-img-800x650 wp-post-image\" alt=\"\" \/><\/div>\t\t<\/div>\r\n        <div class=\"themestek-box-content col-md-8 col-sm-8\">\r\n\t\t\t<div class=\"themestek-box-content-inner\">\r\n\r\n\t\t\t\t<div class=\"themestek-entry-meta-wrapper\"><div class=\"entry-meta themestek-entry-meta themestek-entry-meta-blogclassic\"><span class=\"themestek-meta-line byline\">  <span class=\"author vcard\"><span class=\"screen-reader-text themestek-hide\">Author <\/span>Par <a class=\"url fn n\" href=\"https:\/\/www.prime-clean.com\/fr\/author\/jorge\/\">Miguel<\/a><\/span><\/span><span class=\"themestek-meta-line comments-link\"> <a href=\"https:\/\/www.prime-clean.com\/fr\/nouvelle-entreprise-de-nettoyage-prime-clean-braga\/#respond\">Commentaire<\/a><\/span><span class=\"themestek-meta-line cat-links\"> <span class=\"screen-reader-text themestek-hide\">Categories <\/span><a href=\"https:\/\/www.prime-clean.com\/fr\/categorie\/entreprises-de-premier-ordre\/\" rel=\"category tag\">Entreprises de premier ordre<\/a><\/span><\/div><\/div>\t\t\t\t<div class=\"themestek-box-title\"><h4><a href=\"https:\/\/www.prime-clean.com\/fr\/nouvelle-entreprise-de-nettoyage-prime-clean-braga\/\">Nouvelle entreprise de nettoyage Prime Clean &#8211; Braga<\/a><\/h4><\/div>\t\t\t\t<div class=\"ts-blogbox-readmore\">\r\n\t\t\t\t\t\t\t\t\t<\/div>\r\n            <\/div>\r\n        <\/div>\r\n\t<\/div>\r\n<\/article>\r\n<\/div>\r\n\t\t\t<\/div>\r\n\t\t<\/div><!-- .themestek-boxes-inner -->   <\/div><!-- .themestek-boxes -->  [\/vc_column_inner][\/vc_row_inner][\/vc_column][\/vc_row]<\/p>\n<\/div>","protected":false},"excerpt":{"rendered":"<p>[vc_row][vc_column][\/vc_column][\/vc_row][vc_row css=\u00a0\u00bb.vc_custom_1715366396394{margin-top: -250px !important;}\u00a0\u00bb][vc_column][vc_column_text] Plus qu\u2019une entreprise de nettoyage, une histoire \u00e0 succ\u00e8s Prime Clean est plus qu\u2019une simple entreprise de nettoyage r\u00e9sidentiel et commercial. C\u2019est la mat\u00e9rialisation du r\u00eave entrepreneurial de Jorge Couto, qui, en identifiant une lacune dans la professionnalisation du secteur, a id\u00e9alis\u00e9 un concept innovant : Prime Clean. Prime Clean garantit &hellip; <a href=\"https:\/\/www.prime-clean.com\/fr\/nouvelle-entreprise-de-nettoyage-prime-clean-braga\/\" class=\"more-link\">Continue reading <span class=\"screen-reader-text\">Nouvelle entreprise de nettoyage Prime Clean &#8211; Braga<\/span><\/a><\/p>\n","protected":false},"author":1,"featured_media":0,"parent":0,"menu_order":6,"comment_status":"closed","ping_status":"closed","template":"","meta":{"footnotes":""},"class_list":["post-13582","page","type-page","status-publish","hentry"],"yoast_head":"<!-- This site is optimized with the Yoast SEO Premium plugin v26.9 (Yoast SEO v26.9) - https:\/\/yoast.com\/product\/yoast-seo-premium-wordpress\/ -->\n<title>En savoir plus sur Prime Clean - Entreprise de nettoyage Prime Clean<\/title>\n<meta name=\"robots\" content=\"index, follow, max-snippet:-1, max-image-preview:large, max-video-preview:-1\" \/>\n<link rel=\"canonical\" href=\"https:\/\/www.prime-clean.com\/fr\/en-savoir-plus-sur-prime-clean\/\" \/>\n<meta property=\"og:locale\" content=\"fr_FR\" \/>\n<meta property=\"og:type\" content=\"article\" \/>\n<meta property=\"og:title\" content=\"En savoir plus sur Prime Clean\" \/>\n<meta property=\"og:description\" content=\"[vc_row][vc_column][\/vc_column][\/vc_row][vc_row css=\u00a0\u00bb.vc_custom_1715366396394{margin-top: -250px !important;}\u00a0\u00bb][vc_column][vc_column_text] Plus qu\u2019une entreprise de nettoyage, une histoire \u00e0 succ\u00e8s Prime Clean est plus qu\u2019une simple entreprise de nettoyage r\u00e9sidentiel et commercial. C\u2019est la mat\u00e9rialisation du r\u00eave entrepreneurial de Jorge Couto, qui, en identifiant une lacune dans la professionnalisation du secteur, a id\u00e9alis\u00e9 un concept innovant : Prime Clean. Prime Clean garantit &hellip; Continue reading Nouvelle entreprise de nettoyage Prime Clean &#8211; Braga\" \/>\n<meta property=\"og:url\" content=\"https:\/\/www.prime-clean.com\/fr\/en-savoir-plus-sur-prime-clean\/\" \/>\n<meta property=\"og:site_name\" content=\"Entreprise de nettoyage Prime Clean\" \/>\n<meta property=\"article:publisher\" content=\"https:\/\/www.facebook.com\/FranchisingLimpezasPrimeClean\/\" \/>\n<meta property=\"article:modified_time\" content=\"2024-12-26T00:42:17+00:00\" \/>\n<meta property=\"og:image\" content=\"https:\/\/www.prime-clean.com\/wp-content\/uploads\/2025\/01\/Ja-conhece.jpg\" \/>\n\t<meta property=\"og:image:width\" content=\"1200\" \/>\n\t<meta property=\"og:image:height\" content=\"675\" \/>\n\t<meta property=\"og:image:type\" content=\"image\/jpeg\" \/>\n<meta name=\"twitter:card\" content=\"summary_large_image\" \/>\n<meta name=\"twitter:site\" content=\"@primecleangroup\" \/>\n<meta name=\"twitter:label1\" content=\"Dur\u00e9e de lecture estim\u00e9e\" \/>\n\t<meta name=\"twitter:data1\" content=\"3 minutes\" \/>\n<script type=\"application\/ld+json\" class=\"yoast-schema-graph\">{\"@context\":\"https:\/\/schema.org\",\"@graph\":[{\"@type\":\"WebPage\",\"@id\":\"https:\/\/www.prime-clean.com\/fr\/en-savoir-plus-sur-prime-clean\/\",\"url\":\"https:\/\/www.prime-clean.com\/fr\/en-savoir-plus-sur-prime-clean\/\",\"name\":\"En savoir plus sur Prime Clean - Entreprise de nettoyage Prime Clean\",\"isPartOf\":{\"@id\":\"https:\/\/www.prime-clean.com\/fr\/#website\"},\"datePublished\":\"2024-05-10T18:31:07+00:00\",\"dateModified\":\"2024-12-26T00:42:17+00:00\",\"breadcrumb\":{\"@id\":\"https:\/\/www.prime-clean.com\/fr\/en-savoir-plus-sur-prime-clean\/#breadcrumb\"},\"inLanguage\":\"fr-FR\",\"potentialAction\":[{\"@type\":\"ReadAction\",\"target\":[\"https:\/\/www.prime-clean.com\/fr\/en-savoir-plus-sur-prime-clean\/\"]}]},{\"@type\":\"BreadcrumbList\",\"@id\":\"https:\/\/www.prime-clean.com\/fr\/en-savoir-plus-sur-prime-clean\/#breadcrumb\",\"itemListElement\":[{\"@type\":\"ListItem\",\"position\":1,\"name\":\"In\u00edcio\",\"item\":\"https:\/\/www.prime-clean.com\/fr\/\"},{\"@type\":\"ListItem\",\"position\":2,\"name\":\"En savoir plus sur Prime Clean\"}]},{\"@type\":\"WebSite\",\"@id\":\"https:\/\/www.prime-clean.com\/fr\/#website\",\"url\":\"https:\/\/www.prime-clean.com\/fr\/\",\"name\":\"Empresa de limpezas Prime Clean\",\"description\":\"L'entreprise de nettoyage Prime Clean est la meilleure option en mati\u00e8re de services de nettoyage domestique et commercial.\",\"alternateName\":\"Empresa de limpezas\",\"potentialAction\":[{\"@type\":\"SearchAction\",\"target\":{\"@type\":\"EntryPoint\",\"urlTemplate\":\"https:\/\/www.prime-clean.com\/fr\/?s={search_term_string}\"},\"query-input\":{\"@type\":\"PropertyValueSpecification\",\"valueRequired\":true,\"valueName\":\"search_term_string\"}}],\"inLanguage\":\"fr-FR\"}]}<\/script>\n<!-- \/ Yoast SEO Premium plugin. -->","yoast_head_json":{"title":"En savoir plus sur Prime Clean - Entreprise de nettoyage Prime Clean","robots":{"index":"index","follow":"follow","max-snippet":"max-snippet:-1","max-image-preview":"max-image-preview:large","max-video-preview":"max-video-preview:-1"},"canonical":"https:\/\/www.prime-clean.com\/fr\/en-savoir-plus-sur-prime-clean\/","og_locale":"fr_FR","og_type":"article","og_title":"En savoir plus sur Prime Clean","og_description":"[vc_row][vc_column][\/vc_column][\/vc_row][vc_row css=\u00a0\u00bb.vc_custom_1715366396394{margin-top: -250px !important;}\u00a0\u00bb][vc_column][vc_column_text] Plus qu\u2019une entreprise de nettoyage, une histoire \u00e0 succ\u00e8s Prime Clean est plus qu\u2019une simple entreprise de nettoyage r\u00e9sidentiel et commercial. C\u2019est la mat\u00e9rialisation du r\u00eave entrepreneurial de Jorge Couto, qui, en identifiant une lacune dans la professionnalisation du secteur, a id\u00e9alis\u00e9 un concept innovant : Prime Clean. Prime Clean garantit &hellip; Continue reading Nouvelle entreprise de nettoyage Prime Clean &#8211; Braga","og_url":"https:\/\/www.prime-clean.com\/fr\/en-savoir-plus-sur-prime-clean\/","og_site_name":"Entreprise de nettoyage Prime Clean","article_publisher":"https:\/\/www.facebook.com\/FranchisingLimpezasPrimeClean\/","article_modified_time":"2024-12-26T00:42:17+00:00","og_image":[{"width":1200,"height":675,"url":"https:\/\/www.prime-clean.com\/wp-content\/uploads\/2025\/01\/Ja-conhece.jpg","type":"image\/jpeg"}],"twitter_card":"summary_large_image","twitter_site":"@primecleangroup","twitter_misc":{"Dur\u00e9e de lecture estim\u00e9e":"3 minutes"},"schema":{"@context":"https:\/\/schema.org","@graph":[{"@type":"WebPage","@id":"https:\/\/www.prime-clean.com\/fr\/en-savoir-plus-sur-prime-clean\/","url":"https:\/\/www.prime-clean.com\/fr\/en-savoir-plus-sur-prime-clean\/","name":"En savoir plus sur Prime Clean - Entreprise de nettoyage Prime Clean","isPartOf":{"@id":"https:\/\/www.prime-clean.com\/fr\/#website"},"datePublished":"2024-05-10T18:31:07+00:00","dateModified":"2024-12-26T00:42:17+00:00","breadcrumb":{"@id":"https:\/\/www.prime-clean.com\/fr\/en-savoir-plus-sur-prime-clean\/#breadcrumb"},"inLanguage":"fr-FR","potentialAction":[{"@type":"ReadAction","target":["https:\/\/www.prime-clean.com\/fr\/en-savoir-plus-sur-prime-clean\/"]}]},{"@type":"BreadcrumbList","@id":"https:\/\/www.prime-clean.com\/fr\/en-savoir-plus-sur-prime-clean\/#breadcrumb","itemListElement":[{"@type":"ListItem","position":1,"name":"In\u00edcio","item":"https:\/\/www.prime-clean.com\/fr\/"},{"@type":"ListItem","position":2,"name":"En savoir plus sur Prime Clean"}]},{"@type":"WebSite","@id":"https:\/\/www.prime-clean.com\/fr\/#website","url":"https:\/\/www.prime-clean.com\/fr\/","name":"Empresa de limpezas Prime Clean","description":"L'entreprise de nettoyage Prime Clean est la meilleure option en mati\u00e8re de services de nettoyage domestique et commercial.","alternateName":"Empresa de limpezas","potentialAction":[{"@type":"SearchAction","target":{"@type":"EntryPoint","urlTemplate":"https:\/\/www.prime-clean.com\/fr\/?s={search_term_string}"},"query-input":{"@type":"PropertyValueSpecification","valueRequired":true,"valueName":"search_term_string"}}],"inLanguage":"fr-FR"}]}},"_links":{"self":[{"href":"https:\/\/www.prime-clean.com\/fr\/wp-json\/wp\/v2\/pages\/13582","targetHints":{"allow":["GET"]}}],"collection":[{"href":"https:\/\/www.prime-clean.com\/fr\/wp-json\/wp\/v2\/pages"}],"about":[{"href":"https:\/\/www.prime-clean.com\/fr\/wp-json\/wp\/v2\/types\/page"}],"author":[{"embeddable":true,"href":"https:\/\/www.prime-clean.com\/fr\/wp-json\/wp\/v2\/users\/1"}],"replies":[{"embeddable":true,"href":"https:\/\/www.prime-clean.com\/fr\/wp-json\/wp\/v2\/comments?post=13582"}],"version-history":[{"count":2,"href":"https:\/\/www.prime-clean.com\/fr\/wp-json\/wp\/v2\/pages\/13582\/revisions"}],"predecessor-version":[{"id":13585,"href":"https:\/\/www.prime-clean.com\/fr\/wp-json\/wp\/v2\/pages\/13582\/revisions\/13585"}],"wp:attachment":[{"href":"https:\/\/www.prime-clean.com\/fr\/wp-json\/wp\/v2\/media?parent=13582"}],"curies":[{"name":"wp","href":"https:\/\/api.w.org\/{rel}","templated":true}]}}