{"id":13550,"date":"2022-12-30T11:06:04","date_gmt":"2022-12-30T11:06:04","guid":{"rendered":"https:\/\/www.prime-clean.com\/opportunite-de-franchise-de-nettoyage-prime-clean\/"},"modified":"2025-02-15T18:36:09","modified_gmt":"2025-02-15T18:36:09","slug":"opportunite-de-franchise-de-nettoyage-prime-clean","status":"publish","type":"page","link":"https:\/\/www.prime-clean.com\/fr\/opportunite-de-franchise-de-nettoyage-prime-clean\/","title":{"rendered":"Opportunit\u00e9 de franchise de nettoyage Prime Clean"},"content":{"rendered":"<div class=\"wpb-content-wrapper\"><p>[vc_row][vc_column width=\u00a0\u00bb1\/4&Prime;][vc_wp_custommenu nav_menu=\u00a0\u00bb34&Prime;][\/vc_column][vc_column width=\u00a0\u00bb2\/3&Prime;]<div class=\"themestek-element-heading-wrapper themestek-heading-inner themestek-element-align-center themestek-seperator-none \"><section class=\"themestek-vc_cta3-container\"><div class=\"themestek-vc_general themestek-vc_cta3 themestek-cta3-only themestek-vc_cta3-style-classic themestek-vc_cta3-shape-rounded themestek-vc_cta3-align-center themestek-vc_cta3-color-transparent themestek-vc_cta3-icon-size-md themestek-vc_cta3-actions-no themestek-cta3-without-desc\"><div class=\"themestek-vc_cta3_content-container\"><div class=\"themestek-vc_cta3-content\"><div class=\"themestek-vc_cta3-content-header themestek-wrap\"><div class=\"themestek-vc_cta3-headers themestek-wrap-cell\"><h4 class=\"themestek-custom-heading \" >Conhe\u00e7a a oportunidade de ser um empres\u00e1rio de sucesso no setor das limpezas profissionais.<\/h4>\n<h2 class=\"themestek-custom-heading \" >Franchising de limpezas Prime Clean<\/h2>\n<\/div><\/div><\/div><\/div><\/div><\/section><\/div> <!-- .themestek-element-heading-wrapper container --> [vc_single_image image=\u00a0\u00bb12791&Prime; img_size=\u00a0\u00bbfull\u00a0\u00bb alignment=\u00a0\u00bbcenter\u00a0\u00bb][vc_column_text]<\/p>\n<div class=\"intro\">\n<p><em><strong>Transformez votre souhait en r\u00e9alit\u00e9 avec Prime Clean<\/strong><\/em> : le leader de la franchise de nettoyage au Portugal ! Si vous en avez assez de la routine et que vous \u00eates \u00e0 la recherche d\u2019une opportunit\u00e9 prometteuse, Prime Clean est la r\u00e9ponse pour devenir votre propre patron et atteindre le succ\u00e8s professionnel ! <\/p>\n<p>Avec plus de 12 ans d\u2019exp\u00e9rience et un mod\u00e8le d\u2019affaires \u00e9prouv\u00e9, Prime Clean offre tout le soutien et les outils dont vous avez besoin pour b\u00e2tir une entreprise solide et rentable. Nous ne sommes pas seulement une entreprise de nettoyage, nous nous distinguons par : <\/p>\n<ul>\n<li><em><strong>Marque reconnue et de confiance :<\/strong><\/em> Nous sommes le choix num\u00e9ro un dans le domaine de la franchise de nettoyage au Portugal, avec une solide r\u00e9putation de qualit\u00e9, de professionnalisme et d\u2019engagement envers la satisfaction du client.<\/li>\n<li><em><strong>Mod\u00e8le d\u2019affaires robuste et rentable<\/strong><\/em> : Test\u00e9 et am\u00e9lior\u00e9 au fil des ans, assurant un retour sur investissement rapide et une croissance durable.<\/li>\n<li><em><strong>Un accompagnement personnalis\u00e9 et continu<\/strong><\/em> : De la formation initiale \u00e0 la gestion quotidienne de l\u2019entreprise, nous offrons un accompagnement complet avec des sp\u00e9cialistes d\u00e9di\u00e9s \u00e0 votre r\u00e9ussite.<\/li>\n<li><em><strong>Technologie innovante et efficace<\/strong><\/em> : Nous utilisons des outils de pointe pour optimiser la gestion, la communication et le marketing de votre franchise, augmentant ainsi votre comp\u00e9titivit\u00e9 sur le march\u00e9.<\/li>\n<li><em><strong>Produits \u00e9cologiques et techniques durables<\/strong><\/em> : Nous privil\u00e9gions l\u2019utilisation de produits biod\u00e9gradables et les pratiques de nettoyage \u00e9cologiques, en phase avec les pr\u00e9occupations environnementales de la soci\u00e9t\u00e9 d\u2019aujourd\u2019hui.<\/li>\n<li><em><strong>\u00c9quipe sp\u00e9cialis\u00e9e et hautement qualifi\u00e9e<\/strong><\/em> : Avec une \u00e9quipe de professionnels exp\u00e9riment\u00e9s et passionn\u00e9s par ce qu\u2019ils font, nous sommes pr\u00eats \u00e0 vous aider \u00e0 chaque \u00e9tape de votre parcours en tant que franchis\u00e9. Rejoignez Prime Clean et faites partie d\u2019un groupe d\u2019entrepreneurs \u00e0 succ\u00e8s ! <\/li>\n<\/ul>\n<p><em><strong>Explorez le potentiel d\u2019un march\u00e9 en constante croissance<\/strong><\/em> : Le secteur du nettoyage au Portugal est en constante expansion, pouss\u00e9 par la demande croissante de services professionnels et de qualit\u00e9. Avec Prime Clean, vous serez pr\u00eat \u00e0 r\u00e9pondre aux besoins d\u2019un large public, des foyers aux entreprises et aux institutions. <\/p>\n<p><em><strong>Soyez un agent de changement dans votre communaut\u00e9<\/strong><\/em> : En offrant des services d\u2019entretien m\u00e9nager de haute qualit\u00e9, vous contribuerez \u00e0 am\u00e9liorer la qualit\u00e9 de vie des gens et \u00e0 pr\u00e9server l\u2019environnement. Prime Clean vous guide tout au long de ce processus, avec des pratiques durables et des produits \u00e9cologiques qui font la diff\u00e9rence. <\/p>\n<p>Ne manquez pas l\u2019occasion de r\u00e9aliser vos r\u00eaves !<\/p>\n<p>Contactez Prime Clean d\u00e8s aujourd\u2019hui et apprenez comment devenir un franchis\u00e9 prosp\u00e8re !<\/p>\n<p><em><strong>Prime Clean<\/strong><\/em> : Votre cl\u00e9 du succ\u00e8s dans le domaine du nettoyage franchis\u00e9 !<\/p>\n<\/div>\n<div class=\"texto\"><\/div>\n<p>[\/vc_column_text]\n<div class=\"wpcf7 no-js\" id=\"wpcf7-f17990-o1\" lang=\"fr-FR\" dir=\"ltr\" data-wpcf7-id=\"17990\">\n<div class=\"screen-reader-response\"><p role=\"status\" aria-live=\"polite\" aria-atomic=\"true\"><\/p> <ul><\/ul><\/div>\n<form action=\"\/fr\/wp-json\/wp\/v2\/pages\/13550#wpcf7-f17990-o1\" method=\"post\" class=\"wpcf7-form init\" aria-label=\"Formulaire de contact\" novalidate=\"novalidate\" data-status=\"init\">\n<fieldset class=\"hidden-fields-container\"><input type=\"hidden\" name=\"_wpcf7\" value=\"17990\" \/><input type=\"hidden\" name=\"_wpcf7_version\" value=\"6.1.5\" \/><input type=\"hidden\" name=\"_wpcf7_locale\" value=\"fr_FR\" \/><input type=\"hidden\" name=\"_wpcf7_unit_tag\" value=\"wpcf7-f17990-o1\" \/><input type=\"hidden\" name=\"_wpcf7_container_post\" value=\"0\" \/><input type=\"hidden\" name=\"_wpcf7_posted_data_hash\" value=\"\" \/>\n<\/fieldset>\n<div class=\"main-form ts-order-form\">\n\t<div class=\"row\">\n\t\t<div class=\"col-md-12\">\n\t\t\t<div class=\"input-group\">\n\t\t\t\t<p><span class=\"wpcf7-form-control-wrap\" data-name=\"seu-nome\"><input size=\"40\" maxlength=\"400\" class=\"wpcf7-form-control wpcf7-text wpcf7-validates-as-required\" aria-required=\"true\" aria-invalid=\"false\" placeholder=\"Nom\" value=\"\" type=\"text\" name=\"seu-nome\" \/><\/span>\n\t\t\t\t<\/p>\n\t\t\t<\/div>\n\t\t<\/div>\n\t\t<div class=\"col-md-6\">\n\t\t\t<div class=\"input-group\">\n\t\t\t\t<p><span class=\"wpcf7-form-control-wrap\" data-name=\"seu-email\"><input size=\"40\" maxlength=\"400\" class=\"wpcf7-form-control wpcf7-text wpcf7-validates-as-required\" aria-required=\"true\" aria-invalid=\"false\" placeholder=\"Messagerie \u00e9lectronique\" value=\"\" type=\"text\" name=\"seu-email\" \/><\/span>\n\t\t\t\t<\/p>\n\t\t\t<\/div>\n\t\t<\/div>\n\t\t<div class=\"col-md-6\">\n\t\t\t<div class=\"input-group\">\n\t\t\t\t<p><span class=\"wpcf7-form-control-wrap\" data-name=\"seu-telefone\"><input size=\"40\" maxlength=\"400\" class=\"wpcf7-form-control wpcf7-text wpcf7-validates-as-required\" aria-required=\"true\" aria-invalid=\"false\" placeholder=\"T\u00e9l\u00e9phone\" value=\"\" type=\"text\" name=\"seu-telefone\" \/><\/span>\n\t\t\t\t<\/p>\n\t\t\t<\/div>\n\t\t<\/div>\n\t\t<div class=\"col-md-6\">\n\t\t\t<div class=\"input-group\">\n\t\t\t\t<p><span class=\"wpcf7-form-control-wrap\" data-name=\"seu-localidade\"><input size=\"40\" maxlength=\"400\" class=\"wpcf7-form-control wpcf7-text wpcf7-validates-as-required\" aria-required=\"true\" aria-invalid=\"false\" placeholder=\"Localit\u00e9\" value=\"\" type=\"text\" name=\"seu-localidade\" \/><\/span>\n\t\t\t\t<\/p>\n\t\t\t<\/div>\n\t\t<\/div>\n\t\t<div class=\"col-md-6\">\n\t\t\t<div class=\"input-group\">\n\t\t\t\t<p><span class=\"wpcf7-form-control-wrap\" data-name=\"seu-codigopostal\"><input size=\"40\" maxlength=\"400\" class=\"wpcf7-form-control wpcf7-text wpcf7-validates-as-required\" aria-required=\"true\" aria-invalid=\"false\" placeholder=\"0000-000\" value=\"\" type=\"text\" name=\"seu-codigopostal\" \/><\/span>\n\t\t\t\t<\/p>\n\t\t\t<\/div>\n\t\t<\/div>\n\t\t<div class=\"col-md-12\">\n\t\t\t<div class=\"input-group input-button\">\n\t\t\t\t<p><span class=\"wpcf7-form-control-wrap\" data-name=\"message\"><textarea cols=\"40\" rows=\"4\" maxlength=\"2000\" class=\"wpcf7-form-control wpcf7-textarea\" aria-invalid=\"false\" placeholder=\"Mensagem (facultativo)\" name=\"message\"><\/textarea><\/span>\n\t\t\t\t<\/p>\n\t\t\t<\/div>\n\t\t<\/div>\n\t\t<p><span class=\"wpcf7-form-control-wrap\" data-name=\"checkbox-762\"><span class=\"wpcf7-form-control wpcf7-checkbox wpcf7-validates-as-required\"><span class=\"wpcf7-list-item first last\"><label><input type=\"checkbox\" name=\"checkbox-762[]\" value=\"J\u2019ai lu et j\u2019accepte les conditions d\u2019utilisation et la politique de confidentialit\u00e9.\" \/><span class=\"wpcf7-list-item-label\">J\u2019ai lu et j\u2019accepte les conditions d\u2019utilisation et la politique de confidentialit\u00e9.<\/span><\/label><\/span><\/span><\/span>\n\t\t<\/p>\n\t\t<div class=\"col-md-12\">\n\t\t\t<div class=\"input-group input-button\">\n\t\t\t\t<p><input class=\"wpcf7-form-control wpcf7-submit has-spinner btn-block\" type=\"submit\" value=\"Soumettre une demande de franchise\" \/>\n\t\t\t\t<\/p>\n\t\t\t<\/div>\n\t\t<\/div>\n\t<\/div>\n<\/div><div class=\"wpcf7-response-output\" aria-hidden=\"true\"><\/div>\n<\/form>\n<\/div>\n[\/vc_column][\/vc_row][vc_row themestek_textcolor=\u00a0\u00bbwhite\u00a0\u00bb full_width=\u00a0\u00bbstretch_row\u00a0\u00bb equal_height=\u00a0\u00bbyes\u00a0\u00bb css=\u00a0\u00bb.vc_custom_1559811245484{padding-top: 120px !important;padding-bottom: 100px !important;background-image: url(https:\/\/cleaninco-demo.pbminfotech.com\/wp-content\/uploads\/2019\/04\/bg-img.png?id=9388) !important;background-position: center !important;background-repeat: no-repeat !important;background-size: cover !important;}\u00a0\u00bb][vc_column]<h4 style=\"text-align:center;font-size:22px;line-height:28px;color:#ffffff;\" class=\"themestek-custom-heading \" >Vous avez des questions que vous aimeriez \u00e9claircir ?<\/h4>\n<h2 style=\"text-align:center;font-size:50px;line-height:60px;color:#ffffff;\" class=\"themestek-custom-heading \" >+(351) 210 015 275<\/h2>\n<h4 style=\"text-align:center;font-size:18px;line-height:28px;color:#ffffff;\" class=\"themestek-custom-heading \" >Appel vers le poste fixe national<\/h4>\n[\/vc_column][\/vc_row]<\/p>\n<\/div>","protected":false},"excerpt":{"rendered":"<p>[vc_row][vc_column width=\u00a0\u00bb1\/4&Prime;][vc_wp_custommenu nav_menu=\u00a0\u00bb34&Prime;][\/vc_column][vc_column width=\u00a0\u00bb2\/3&Prime;][vc_single_image image=\u00a0\u00bb12791&Prime; img_size=\u00a0\u00bbfull\u00a0\u00bb alignment=\u00a0\u00bbcenter\u00a0\u00bb][vc_column_text] Transformez votre souhait en r\u00e9alit\u00e9 avec Prime Clean : le leader de la franchise de nettoyage au Portugal ! Si vous en avez assez de la routine et que vous \u00eates \u00e0 la recherche d\u2019une opportunit\u00e9 prometteuse, Prime Clean est la r\u00e9ponse pour devenir votre propre patron et &hellip; <a href=\"https:\/\/www.prime-clean.com\/fr\/opportunite-de-franchise-de-nettoyage-prime-clean\/\" class=\"more-link\">Continue reading <span class=\"screen-reader-text\">Opportunit\u00e9 de franchise de nettoyage Prime Clean<\/span><\/a><\/p>\n","protected":false},"author":1,"featured_media":0,"parent":0,"menu_order":6,"comment_status":"closed","ping_status":"closed","template":"","meta":{"footnotes":""},"class_list":["post-13550","page","type-page","status-publish","hentry"],"yoast_head":"<!-- This site is optimized with the Yoast SEO Premium plugin v26.9 (Yoast SEO v26.9) - https:\/\/yoast.com\/product\/yoast-seo-premium-wordpress\/ -->\n<title>Opportunit\u00e9 de franchise de nettoyage Prime Clean - Entreprise de nettoyage Prime Clean<\/title>\n<meta name=\"robots\" content=\"index, follow, max-snippet:-1, max-image-preview:large, max-video-preview:-1\" \/>\n<link rel=\"canonical\" href=\"https:\/\/www.prime-clean.com\/fr\/opportunite-de-franchise-de-nettoyage-prime-clean\/\" \/>\n<meta property=\"og:locale\" content=\"fr_FR\" \/>\n<meta property=\"og:type\" content=\"article\" \/>\n<meta property=\"og:title\" content=\"Opportunit\u00e9 de franchise de nettoyage Prime Clean\" \/>\n<meta property=\"og:description\" content=\"[vc_row][vc_column width=\u00a0\u00bb1\/4&Prime;][vc_wp_custommenu nav_menu=\u00a0\u00bb34&Prime;][\/vc_column][vc_column width=\u00a0\u00bb2\/3&Prime;][vc_single_image image=\u00a0\u00bb12791&Prime; img_size=\u00a0\u00bbfull\u00a0\u00bb alignment=\u00a0\u00bbcenter\u00a0\u00bb][vc_column_text] Transformez votre souhait en r\u00e9alit\u00e9 avec Prime Clean : le leader de la franchise de nettoyage au Portugal ! Si vous en avez assez de la routine et que vous \u00eates \u00e0 la recherche d\u2019une opportunit\u00e9 prometteuse, Prime Clean est la r\u00e9ponse pour devenir votre propre patron et &hellip; Continue reading Opportunit\u00e9 de franchise de nettoyage Prime Clean\" \/>\n<meta property=\"og:url\" content=\"https:\/\/www.prime-clean.com\/fr\/opportunite-de-franchise-de-nettoyage-prime-clean\/\" \/>\n<meta property=\"og:site_name\" content=\"Entreprise de nettoyage Prime Clean\" \/>\n<meta property=\"article:publisher\" content=\"https:\/\/www.facebook.com\/FranchisingLimpezasPrimeClean\/\" \/>\n<meta property=\"article:modified_time\" content=\"2025-02-15T18:36:09+00:00\" \/>\n<meta property=\"og:image\" content=\"https:\/\/www.prime-clean.com\/wp-content\/uploads\/2025\/01\/Ja-conhece.jpg\" \/>\n\t<meta property=\"og:image:width\" content=\"1200\" \/>\n\t<meta property=\"og:image:height\" content=\"675\" \/>\n\t<meta property=\"og:image:type\" content=\"image\/jpeg\" \/>\n<meta name=\"twitter:card\" content=\"summary_large_image\" \/>\n<meta name=\"twitter:site\" content=\"@primecleangroup\" \/>\n<meta name=\"twitter:label1\" content=\"Dur\u00e9e de lecture estim\u00e9e\" \/>\n\t<meta name=\"twitter:data1\" content=\"3 minutes\" \/>\n<script type=\"application\/ld+json\" class=\"yoast-schema-graph\">{\"@context\":\"https:\/\/schema.org\",\"@graph\":[{\"@type\":\"WebPage\",\"@id\":\"https:\/\/www.prime-clean.com\/fr\/opportunite-de-franchise-de-nettoyage-prime-clean\/\",\"url\":\"https:\/\/www.prime-clean.com\/fr\/opportunite-de-franchise-de-nettoyage-prime-clean\/\",\"name\":\"Opportunit\u00e9 de franchise de nettoyage Prime Clean - Entreprise de nettoyage Prime Clean\",\"isPartOf\":{\"@id\":\"https:\/\/www.prime-clean.com\/fr\/#website\"},\"datePublished\":\"2022-12-30T11:06:04+00:00\",\"dateModified\":\"2025-02-15T18:36:09+00:00\",\"breadcrumb\":{\"@id\":\"https:\/\/www.prime-clean.com\/fr\/opportunite-de-franchise-de-nettoyage-prime-clean\/#breadcrumb\"},\"inLanguage\":\"fr-FR\",\"potentialAction\":[{\"@type\":\"ReadAction\",\"target\":[\"https:\/\/www.prime-clean.com\/fr\/opportunite-de-franchise-de-nettoyage-prime-clean\/\"]}]},{\"@type\":\"BreadcrumbList\",\"@id\":\"https:\/\/www.prime-clean.com\/fr\/opportunite-de-franchise-de-nettoyage-prime-clean\/#breadcrumb\",\"itemListElement\":[{\"@type\":\"ListItem\",\"position\":1,\"name\":\"In\u00edcio\",\"item\":\"https:\/\/www.prime-clean.com\/fr\/\"},{\"@type\":\"ListItem\",\"position\":2,\"name\":\"Opportunit\u00e9 de franchise de nettoyage Prime Clean\"}]},{\"@type\":\"WebSite\",\"@id\":\"https:\/\/www.prime-clean.com\/fr\/#website\",\"url\":\"https:\/\/www.prime-clean.com\/fr\/\",\"name\":\"Empresa de limpezas Prime Clean\",\"description\":\"L'entreprise de nettoyage Prime Clean est la meilleure option en mati\u00e8re de services de nettoyage domestique et commercial.\",\"alternateName\":\"Empresa de limpezas\",\"potentialAction\":[{\"@type\":\"SearchAction\",\"target\":{\"@type\":\"EntryPoint\",\"urlTemplate\":\"https:\/\/www.prime-clean.com\/fr\/?s={search_term_string}\"},\"query-input\":{\"@type\":\"PropertyValueSpecification\",\"valueRequired\":true,\"valueName\":\"search_term_string\"}}],\"inLanguage\":\"fr-FR\"}]}<\/script>\n<!-- \/ Yoast SEO Premium plugin. -->","yoast_head_json":{"title":"Opportunit\u00e9 de franchise de nettoyage Prime Clean - Entreprise de nettoyage Prime Clean","robots":{"index":"index","follow":"follow","max-snippet":"max-snippet:-1","max-image-preview":"max-image-preview:large","max-video-preview":"max-video-preview:-1"},"canonical":"https:\/\/www.prime-clean.com\/fr\/opportunite-de-franchise-de-nettoyage-prime-clean\/","og_locale":"fr_FR","og_type":"article","og_title":"Opportunit\u00e9 de franchise de nettoyage Prime Clean","og_description":"[vc_row][vc_column width=\u00a0\u00bb1\/4&Prime;][vc_wp_custommenu nav_menu=\u00a0\u00bb34&Prime;][\/vc_column][vc_column width=\u00a0\u00bb2\/3&Prime;][vc_single_image image=\u00a0\u00bb12791&Prime; img_size=\u00a0\u00bbfull\u00a0\u00bb alignment=\u00a0\u00bbcenter\u00a0\u00bb][vc_column_text] Transformez votre souhait en r\u00e9alit\u00e9 avec Prime Clean : le leader de la franchise de nettoyage au Portugal ! Si vous en avez assez de la routine et que vous \u00eates \u00e0 la recherche d\u2019une opportunit\u00e9 prometteuse, Prime Clean est la r\u00e9ponse pour devenir votre propre patron et &hellip; Continue reading Opportunit\u00e9 de franchise de nettoyage Prime Clean","og_url":"https:\/\/www.prime-clean.com\/fr\/opportunite-de-franchise-de-nettoyage-prime-clean\/","og_site_name":"Entreprise de nettoyage Prime Clean","article_publisher":"https:\/\/www.facebook.com\/FranchisingLimpezasPrimeClean\/","article_modified_time":"2025-02-15T18:36:09+00:00","og_image":[{"width":1200,"height":675,"url":"https:\/\/www.prime-clean.com\/wp-content\/uploads\/2025\/01\/Ja-conhece.jpg","type":"image\/jpeg"}],"twitter_card":"summary_large_image","twitter_site":"@primecleangroup","twitter_misc":{"Dur\u00e9e de lecture estim\u00e9e":"3 minutes"},"schema":{"@context":"https:\/\/schema.org","@graph":[{"@type":"WebPage","@id":"https:\/\/www.prime-clean.com\/fr\/opportunite-de-franchise-de-nettoyage-prime-clean\/","url":"https:\/\/www.prime-clean.com\/fr\/opportunite-de-franchise-de-nettoyage-prime-clean\/","name":"Opportunit\u00e9 de franchise de nettoyage Prime Clean - Entreprise de nettoyage Prime Clean","isPartOf":{"@id":"https:\/\/www.prime-clean.com\/fr\/#website"},"datePublished":"2022-12-30T11:06:04+00:00","dateModified":"2025-02-15T18:36:09+00:00","breadcrumb":{"@id":"https:\/\/www.prime-clean.com\/fr\/opportunite-de-franchise-de-nettoyage-prime-clean\/#breadcrumb"},"inLanguage":"fr-FR","potentialAction":[{"@type":"ReadAction","target":["https:\/\/www.prime-clean.com\/fr\/opportunite-de-franchise-de-nettoyage-prime-clean\/"]}]},{"@type":"BreadcrumbList","@id":"https:\/\/www.prime-clean.com\/fr\/opportunite-de-franchise-de-nettoyage-prime-clean\/#breadcrumb","itemListElement":[{"@type":"ListItem","position":1,"name":"In\u00edcio","item":"https:\/\/www.prime-clean.com\/fr\/"},{"@type":"ListItem","position":2,"name":"Opportunit\u00e9 de franchise de nettoyage Prime Clean"}]},{"@type":"WebSite","@id":"https:\/\/www.prime-clean.com\/fr\/#website","url":"https:\/\/www.prime-clean.com\/fr\/","name":"Empresa de limpezas Prime Clean","description":"L'entreprise de nettoyage Prime Clean est la meilleure option en mati\u00e8re de services de nettoyage domestique et commercial.","alternateName":"Empresa de limpezas","potentialAction":[{"@type":"SearchAction","target":{"@type":"EntryPoint","urlTemplate":"https:\/\/www.prime-clean.com\/fr\/?s={search_term_string}"},"query-input":{"@type":"PropertyValueSpecification","valueRequired":true,"valueName":"search_term_string"}}],"inLanguage":"fr-FR"}]}},"_links":{"self":[{"href":"https:\/\/www.prime-clean.com\/fr\/wp-json\/wp\/v2\/pages\/13550","targetHints":{"allow":["GET"]}}],"collection":[{"href":"https:\/\/www.prime-clean.com\/fr\/wp-json\/wp\/v2\/pages"}],"about":[{"href":"https:\/\/www.prime-clean.com\/fr\/wp-json\/wp\/v2\/types\/page"}],"author":[{"embeddable":true,"href":"https:\/\/www.prime-clean.com\/fr\/wp-json\/wp\/v2\/users\/1"}],"replies":[{"embeddable":true,"href":"https:\/\/www.prime-clean.com\/fr\/wp-json\/wp\/v2\/comments?post=13550"}],"version-history":[{"count":3,"href":"https:\/\/www.prime-clean.com\/fr\/wp-json\/wp\/v2\/pages\/13550\/revisions"}],"predecessor-version":[{"id":17883,"href":"https:\/\/www.prime-clean.com\/fr\/wp-json\/wp\/v2\/pages\/13550\/revisions\/17883"}],"wp:attachment":[{"href":"https:\/\/www.prime-clean.com\/fr\/wp-json\/wp\/v2\/media?parent=13550"}],"curies":[{"name":"wp","href":"https:\/\/api.w.org\/{rel}","templated":true}]}}