{"id":13532,"date":"2022-12-30T10:54:19","date_gmt":"2022-12-30T10:54:19","guid":{"rendered":"https:\/\/www.prime-clean.com\/nettoyages-menagers-economiques\/"},"modified":"2024-12-26T00:39:57","modified_gmt":"2024-12-26T00:39:57","slug":"nettoyages-menagers-economiques","status":"publish","type":"page","link":"https:\/\/www.prime-clean.com\/fr\/nettoyages-menagers-economiques\/","title":{"rendered":"Nettoyages m\u00e9nagers \u00e9conomiques"},"content":{"rendered":"<div class=\"wpb-content-wrapper\"><p>[vc_row][vc_column width=\u00a0\u00bb1\/4&Prime;][vc_wp_custommenu nav_menu=\u00a0\u00bb34&Prime;][\/vc_column][vc_column width=\u00a0\u00bb2\/3&Prime;]<div class=\"themestek-element-heading-wrapper themestek-heading-inner themestek-element-align-center themestek-seperator-none \"><section class=\"themestek-vc_cta3-container\"><div class=\"themestek-vc_general themestek-vc_cta3 themestek-cta3-only themestek-vc_cta3-style-classic themestek-vc_cta3-shape-rounded themestek-vc_cta3-align-center themestek-vc_cta3-color-transparent themestek-vc_cta3-icon-size-md themestek-vc_cta3-actions-no themestek-cta3-without-desc\"><div class=\"themestek-vc_cta3_content-container\"><div class=\"themestek-vc_cta3-content\"><div class=\"themestek-vc_cta3-content-header themestek-wrap\"><div class=\"themestek-vc_cta3-headers themestek-wrap-cell\"><h4 class=\"themestek-custom-heading \" >Or\u00e7amentos de limpezas dom\u00e9sticas Prime Clean<\/h4>\n<h2 class=\"themestek-custom-heading \" >Solicite aqui o seu or\u00e7amento gr\u00e1tis<\/h2>\n<\/div><\/div><\/div><\/div><\/div><\/section><\/div> <!-- .themestek-element-heading-wrapper container --> [vc_single_image image=\u00a0\u00bb11013&Prime; img_size=\u00a0\u00bbfull\u00a0\u00bb alignment=\u00a0\u00bbcenter\u00a0\u00bb][vc_column_text]<\/p>\n<div class=\"intro\">\n<div class=\"avatar-gutter ng-tns-c1552542602-298 ng-star-inserted\">\n<h2 class=\"resize-observable\"><strong>Vous en avez assez de nettoyer ? Laissez Prime Clean prendre soin de votre maison !<\/strong><\/h2>\n<\/div>\n<div class=\"response-container-content ng-tns-c1552542602-298\">\n<div class=\"response-content ng-tns-c1552542602-298\">\n<div class=\"markdown markdown-main-panel\" dir=\"ltr\">\n<h3 data-sourcepos=\"3:1-3:82\"><strong>Devis gratuit pour le nettoyage de la maison : faites l\u2019exp\u00e9rience de la qualit\u00e9 Prime Clean<\/strong><\/h3>\n<p data-sourcepos=\"5:1-5:305\">Prime Clean est l\u2019entreprise de nettoyage \u00e0 domicile id\u00e9ale pour ceux qui recherchent un <strong>service professionnel et fiable \u00e0 des prix comp\u00e9titifs<\/strong>. Avec plus <strong>de 12 ans d\u2019exp\u00e9rience<\/strong> dans le march\u00e9, Prime Clean offre un service de <strong>haute qualit\u00e9<\/strong> qui transformera votre maison en une maison propre et accueillante.<\/p>\n<h3 data-sourcepos=\"7:1-7:34\"><strong>Pourquoi choisir Prime Clean ?<\/strong><\/h3>\n<ul data-sourcepos=\"9:1-14:0\">\n<li data-sourcepos=\"9:1-9:123\"><strong>Exp\u00e9rience et professionnalisme :<\/strong> Une \u00e9quipe exp\u00e9riment\u00e9e et qualifi\u00e9e, form\u00e9e pour offrir un excellent service.<\/li>\n<li data-sourcepos=\"10:1-10:141\"><strong>Qualit\u00e9 et d\u00e9vouement :<\/strong> Nous utilisons des produits <strong>de haute qualit\u00e9<\/strong> et des techniques de nettoyage innovantes pour garantir un r\u00e9sultat impeccable.<\/li>\n<li data-sourcepos=\"11:1-11:145\"><strong>Flexibilit\u00e9 et personnalisation :<\/strong> Nous adaptons notre service \u00e0 vos besoins sp\u00e9cifiques, avec des horaires flexibles et des plans personnalis\u00e9s.<\/li>\n<li data-sourcepos=\"12:1-12:164\"><strong>Confiance et tranquillit\u00e9&nbsp;:<\/strong> Prime Clean est une entreprise <strong>fiable et s\u00fbre<\/strong>, avec une assurance responsabilit\u00e9 civile et des professionnels d\u00fbment identifi\u00e9s.<\/li>\n<li data-sourcepos=\"13:1-14:0\"><strong>Engagement en faveur du d\u00e9veloppement durable :<\/strong> Nous utilisons des produits \u00e9cologiques et des pratiques de nettoyage durables pour prot\u00e9ger l\u2019environnement et votre sant\u00e9.<\/li>\n<\/ul>\n<h4 data-sourcepos=\"15:1-15:104\"><strong>Demandez un devis gratuit d\u00e8s aujourd\u2019hui et d\u00e9couvrez comment Prime Clean peut transformer votre vie&nbsp;!<\/strong><\/h4>\n<\/div>\n<\/div>\n<\/div>\n<\/div>\n<h4 class=\"texto\">Prime Clean : Votre maison propre, votre vie plus l\u00e9g\u00e8re !<\/h4>\n<p>[\/vc_column_text]\n<div class=\"wpcf7 no-js\" id=\"wpcf7-f13598-o1\" lang=\"fr-FR\" dir=\"ltr\" data-wpcf7-id=\"13598\">\n<div class=\"screen-reader-response\"><p role=\"status\" aria-live=\"polite\" aria-atomic=\"true\"><\/p> <ul><\/ul><\/div>\n<form action=\"\/fr\/wp-json\/wp\/v2\/pages\/13532#wpcf7-f13598-o1\" method=\"post\" class=\"wpcf7-form init\" aria-label=\"Formulaire de contact\" novalidate=\"novalidate\" data-status=\"init\">\n<fieldset class=\"hidden-fields-container\"><input type=\"hidden\" name=\"_wpcf7\" value=\"13598\" \/><input type=\"hidden\" name=\"_wpcf7_version\" value=\"6.1.5\" \/><input type=\"hidden\" name=\"_wpcf7_locale\" value=\"fr_FR\" \/><input type=\"hidden\" name=\"_wpcf7_unit_tag\" value=\"wpcf7-f13598-o1\" \/><input type=\"hidden\" name=\"_wpcf7_container_post\" value=\"0\" \/><input type=\"hidden\" name=\"_wpcf7_posted_data_hash\" value=\"\" \/>\n<\/fieldset>\n<div class=\"main-form ts-order-form\">\n\t<div class=\"row\">\n\t\t<div class=\"col-md-6\">\n\t\t\t<div class=\"input-group\">\n\t\t\t\t<p><span class=\"wpcf7-form-control-wrap\" data-name=\"seu-nome\"><input size=\"40\" maxlength=\"400\" class=\"wpcf7-form-control wpcf7-text wpcf7-validates-as-required\" aria-required=\"true\" aria-invalid=\"false\" placeholder=\"Nom\" value=\"\" type=\"text\" name=\"seu-nome\" \/><\/span>\n\t\t\t\t<\/p>\n\t\t\t<\/div>\n\t\t<\/div>\n\t\t<div class=\"col-md-6\">\n\t\t\t<div class=\"input-group\">\n\t\t\t\t<p><span class=\"wpcf7-form-control-wrap\" data-name=\"seu-email\"><input size=\"40\" maxlength=\"400\" class=\"wpcf7-form-control wpcf7-text wpcf7-validates-as-required\" aria-required=\"true\" aria-invalid=\"false\" placeholder=\"Messagerie \u00e9lectronique\" value=\"\" type=\"text\" name=\"seu-email\" \/><\/span>\n\t\t\t\t<\/p>\n\t\t\t<\/div>\n\t\t<\/div>\n\t\t<div class=\"col-md-6\">\n\t\t\t<div class=\"input-group\">\n\t\t\t\t<p><span class=\"wpcf7-form-control-wrap\" data-name=\"seu-telefone\"><input size=\"40\" maxlength=\"400\" class=\"wpcf7-form-control wpcf7-text wpcf7-validates-as-required\" aria-required=\"true\" aria-invalid=\"false\" placeholder=\"T\u00e9l\u00e9phone\" value=\"\" type=\"text\" name=\"seu-telefone\" \/><\/span>\n\t\t\t\t<\/p>\n\t\t\t<\/div>\n\t\t<\/div>\n\t\t<div class=\"col-md-6\">\n\t\t\t<div class=\"input-group\">\n\t\t\t\t<p><span class=\"wpcf7-form-control-wrap\" data-name=\"seu-localidade\"><input size=\"40\" maxlength=\"400\" class=\"wpcf7-form-control wpcf7-text wpcf7-validates-as-required\" aria-required=\"true\" aria-invalid=\"false\" placeholder=\"Localit\u00e9\" value=\"\" type=\"text\" name=\"seu-localidade\" \/><\/span>\n\t\t\t\t<\/p>\n\t\t\t<\/div>\n\t\t<\/div>\n\t\t<div class=\"col-md-6\">\n\t\t\t<div class=\"input-group\">\n\t\t\t\t<p><span class=\"wpcf7-form-control-wrap\" data-name=\"seu-codigopostal\"><input size=\"40\" maxlength=\"400\" class=\"wpcf7-form-control wpcf7-text wpcf7-validates-as-required\" aria-required=\"true\" aria-invalid=\"false\" placeholder=\"0000-000\" value=\"\" type=\"text\" name=\"seu-codigopostal\" \/><\/span>\n\t\t\t\t<\/p>\n\t\t\t<\/div>\n\t\t<\/div>\n\t\t<div class=\"col-md-6\">\n\t\t\t<div class=\"input-group\">\n\t\t\t\t<p><span class=\"wpcf7-form-control-wrap\" data-name=\"tipolimpeza\"><select class=\"wpcf7-form-control wpcf7-select\" aria-invalid=\"false\" name=\"tipolimpeza\"><option value=\"-- Veuillez choisir le type de nettoyage --\">-- Veuillez choisir le type de nettoyage --<\/option><option value=\"Nettoyage domestique Nettoyage commercial\">Nettoyage domestique Nettoyage commercial<\/option><option value=\"Nettoyage de condominiums\">Nettoyage de condominiums<\/option><option value=\"Nettoyage apr\u00e8s construction\">Nettoyage apr\u00e8s construction<\/option><option value=\"Nettoyage\">Nettoyage<\/option><option value=\"en profondeur\">en profondeur<\/option><option value=\"\"><\/option><option value=\"Autre nettoyage\">Autre nettoyage<\/option><\/select><\/span>\n\t\t\t\t<\/p>\n\t\t\t<\/div>\n\t\t<\/div>\n\t\t<div class=\"col-md-12\">\n\t\t\t<div class=\"input-group input-button\">\n\t\t\t\t<p><span class=\"wpcf7-form-control-wrap\" data-name=\"message\"><textarea cols=\"40\" rows=\"4\" maxlength=\"2000\" class=\"wpcf7-form-control wpcf7-textarea\" aria-invalid=\"false\" placeholder=\"Mensagem (facultativo)\" name=\"message\"><\/textarea><\/span>\n\t\t\t\t<\/p>\n\t\t\t<\/div>\n\t\t<\/div>\n\t\t<p><span class=\"wpcf7-form-control-wrap\" data-name=\"checkbox-762\"><span class=\"wpcf7-form-control wpcf7-checkbox wpcf7-validates-as-required\"><span class=\"wpcf7-list-item first last\"><label><input type=\"checkbox\" name=\"checkbox-762[]\" value=\"J\u2019ai lu et j\u2019accepte les conditions d\u2019utilisation et la politique de confidentialit\u00e9.\" \/><span class=\"wpcf7-list-item-label\">J\u2019ai lu et j\u2019accepte les conditions d\u2019utilisation et la politique de confidentialit\u00e9.<\/span><\/label><\/span><\/span><\/span>\n\t\t<\/p>\n\t\t<div class=\"col-md-12\">\n\t\t\t<div class=\"input-group input-button\">\n\t\t\t\t<p><input class=\"wpcf7-form-control wpcf7-submit has-spinner btn-block\" type=\"submit\" value=\"Envoyer un devis\" \/>\n\t\t\t\t<\/p>\n\t\t\t<\/div>\n\t\t<\/div>\n\t<\/div>\n<\/div><div class=\"wpcf7-response-output\" aria-hidden=\"true\"><\/div>\n<\/form>\n<\/div>\n[\/vc_column][\/vc_row][vc_row themestek_textcolor=\u00a0\u00bbwhite\u00a0\u00bb full_width=\u00a0\u00bbstretch_row\u00a0\u00bb equal_height=\u00a0\u00bbyes\u00a0\u00bb css=\u00a0\u00bb.vc_custom_1559811245484{padding-top: 120px !important;padding-bottom: 100px !important;background-image: url(https:\/\/cleaninco-demo.pbminfotech.com\/wp-content\/uploads\/2019\/04\/bg-img.png?id=9388) !important;background-position: center !important;background-repeat: no-repeat !important;background-size: cover !important;}\u00a0\u00bb][vc_column]<h4 style=\"text-align:center;font-size:22px;line-height:28px;color:#ffffff;\" class=\"themestek-custom-heading \" >Vous avez des questions que vous aimeriez \u00e9claircir ?<\/h4>\n<h2 style=\"text-align:center;font-size:50px;line-height:60px;color:#ffffff;\" class=\"themestek-custom-heading \" >+(351) 210 015 275<\/h2>\n<h4 style=\"text-align:center;font-size:18px;line-height:28px;color:#ffffff;\" class=\"themestek-custom-heading \" >Appel vers le poste fixe national<\/h4>\n[\/vc_column][\/vc_row]<\/p>\n<\/div>","protected":false},"excerpt":{"rendered":"<p>[vc_row][vc_column width=\u00a0\u00bb1\/4&Prime;][vc_wp_custommenu nav_menu=\u00a0\u00bb34&Prime;][\/vc_column][vc_column width=\u00a0\u00bb2\/3&Prime;][vc_single_image image=\u00a0\u00bb11013&Prime; img_size=\u00a0\u00bbfull\u00a0\u00bb alignment=\u00a0\u00bbcenter\u00a0\u00bb][vc_column_text] Vous en avez assez de nettoyer ? Laissez Prime Clean prendre soin de votre maison ! Devis gratuit pour le nettoyage de la maison : faites l\u2019exp\u00e9rience de la qualit\u00e9 Prime Clean Prime Clean est l\u2019entreprise de nettoyage \u00e0 domicile id\u00e9ale pour ceux qui recherchent un service professionnel &hellip; <a href=\"https:\/\/www.prime-clean.com\/fr\/nettoyages-menagers-economiques\/\" class=\"more-link\">Continue reading <span class=\"screen-reader-text\">Nettoyages m\u00e9nagers \u00e9conomiques<\/span><\/a><\/p>\n","protected":false},"author":1,"featured_media":0,"parent":0,"menu_order":6,"comment_status":"closed","ping_status":"closed","template":"","meta":{"footnotes":""},"class_list":["post-13532","page","type-page","status-publish","hentry"],"yoast_head":"<!-- This site is optimized with the Yoast SEO Premium plugin v26.9 (Yoast SEO v26.9) - https:\/\/yoast.com\/product\/yoast-seo-premium-wordpress\/ -->\n<title>Nettoyages m\u00e9nagers \u00e9conomiques - Entreprise de nettoyage Prime Clean<\/title>\n<meta name=\"robots\" content=\"index, follow, max-snippet:-1, max-image-preview:large, max-video-preview:-1\" \/>\n<link rel=\"canonical\" href=\"https:\/\/www.prime-clean.com\/fr\/nettoyages-menagers-economiques\/\" \/>\n<meta property=\"og:locale\" content=\"fr_FR\" \/>\n<meta property=\"og:type\" content=\"article\" \/>\n<meta property=\"og:title\" content=\"Nettoyages m\u00e9nagers \u00e9conomiques\" \/>\n<meta property=\"og:description\" content=\"[vc_row][vc_column width=\u00a0\u00bb1\/4&Prime;][vc_wp_custommenu nav_menu=\u00a0\u00bb34&Prime;][\/vc_column][vc_column width=\u00a0\u00bb2\/3&Prime;][vc_single_image image=\u00a0\u00bb11013&Prime; img_size=\u00a0\u00bbfull\u00a0\u00bb alignment=\u00a0\u00bbcenter\u00a0\u00bb][vc_column_text] Vous en avez assez de nettoyer ? Laissez Prime Clean prendre soin de votre maison ! Devis gratuit pour le nettoyage de la maison : faites l\u2019exp\u00e9rience de la qualit\u00e9 Prime Clean Prime Clean est l\u2019entreprise de nettoyage \u00e0 domicile id\u00e9ale pour ceux qui recherchent un service professionnel &hellip; Continue reading Nettoyages m\u00e9nagers \u00e9conomiques\" \/>\n<meta property=\"og:url\" content=\"https:\/\/www.prime-clean.com\/fr\/nettoyages-menagers-economiques\/\" \/>\n<meta property=\"og:site_name\" content=\"Entreprise de nettoyage Prime Clean\" \/>\n<meta property=\"article:publisher\" content=\"https:\/\/www.facebook.com\/FranchisingLimpezasPrimeClean\/\" \/>\n<meta property=\"article:modified_time\" content=\"2024-12-26T00:39:57+00:00\" \/>\n<meta property=\"og:image\" content=\"https:\/\/www.prime-clean.com\/wp-content\/uploads\/2025\/01\/Ja-conhece.jpg\" \/>\n\t<meta property=\"og:image:width\" content=\"1200\" \/>\n\t<meta property=\"og:image:height\" content=\"675\" \/>\n\t<meta property=\"og:image:type\" content=\"image\/jpeg\" \/>\n<meta name=\"twitter:card\" content=\"summary_large_image\" \/>\n<meta name=\"twitter:site\" content=\"@primecleangroup\" \/>\n<meta name=\"twitter:label1\" content=\"Dur\u00e9e de lecture estim\u00e9e\" \/>\n\t<meta name=\"twitter:data1\" content=\"2 minutes\" \/>\n<script type=\"application\/ld+json\" class=\"yoast-schema-graph\">{\"@context\":\"https:\/\/schema.org\",\"@graph\":[{\"@type\":\"WebPage\",\"@id\":\"https:\/\/www.prime-clean.com\/fr\/nettoyages-menagers-economiques\/\",\"url\":\"https:\/\/www.prime-clean.com\/fr\/nettoyages-menagers-economiques\/\",\"name\":\"Nettoyages m\u00e9nagers \u00e9conomiques - Entreprise de nettoyage Prime Clean\",\"isPartOf\":{\"@id\":\"https:\/\/www.prime-clean.com\/fr\/#website\"},\"datePublished\":\"2022-12-30T10:54:19+00:00\",\"dateModified\":\"2024-12-26T00:39:57+00:00\",\"breadcrumb\":{\"@id\":\"https:\/\/www.prime-clean.com\/fr\/nettoyages-menagers-economiques\/#breadcrumb\"},\"inLanguage\":\"fr-FR\",\"potentialAction\":[{\"@type\":\"ReadAction\",\"target\":[\"https:\/\/www.prime-clean.com\/fr\/nettoyages-menagers-economiques\/\"]}]},{\"@type\":\"BreadcrumbList\",\"@id\":\"https:\/\/www.prime-clean.com\/fr\/nettoyages-menagers-economiques\/#breadcrumb\",\"itemListElement\":[{\"@type\":\"ListItem\",\"position\":1,\"name\":\"In\u00edcio\",\"item\":\"https:\/\/www.prime-clean.com\/fr\/\"},{\"@type\":\"ListItem\",\"position\":2,\"name\":\"Nettoyages m\u00e9nagers \u00e9conomiques\"}]},{\"@type\":\"WebSite\",\"@id\":\"https:\/\/www.prime-clean.com\/fr\/#website\",\"url\":\"https:\/\/www.prime-clean.com\/fr\/\",\"name\":\"Empresa de limpezas Prime Clean\",\"description\":\"L'entreprise de nettoyage Prime Clean est la meilleure option en mati\u00e8re de services de nettoyage domestique et commercial.\",\"alternateName\":\"Empresa de limpezas\",\"potentialAction\":[{\"@type\":\"SearchAction\",\"target\":{\"@type\":\"EntryPoint\",\"urlTemplate\":\"https:\/\/www.prime-clean.com\/fr\/?s={search_term_string}\"},\"query-input\":{\"@type\":\"PropertyValueSpecification\",\"valueRequired\":true,\"valueName\":\"search_term_string\"}}],\"inLanguage\":\"fr-FR\"}]}<\/script>\n<!-- \/ Yoast SEO Premium plugin. -->","yoast_head_json":{"title":"Nettoyages m\u00e9nagers \u00e9conomiques - Entreprise de nettoyage Prime Clean","robots":{"index":"index","follow":"follow","max-snippet":"max-snippet:-1","max-image-preview":"max-image-preview:large","max-video-preview":"max-video-preview:-1"},"canonical":"https:\/\/www.prime-clean.com\/fr\/nettoyages-menagers-economiques\/","og_locale":"fr_FR","og_type":"article","og_title":"Nettoyages m\u00e9nagers \u00e9conomiques","og_description":"[vc_row][vc_column width=\u00a0\u00bb1\/4&Prime;][vc_wp_custommenu nav_menu=\u00a0\u00bb34&Prime;][\/vc_column][vc_column width=\u00a0\u00bb2\/3&Prime;][vc_single_image image=\u00a0\u00bb11013&Prime; img_size=\u00a0\u00bbfull\u00a0\u00bb alignment=\u00a0\u00bbcenter\u00a0\u00bb][vc_column_text] Vous en avez assez de nettoyer ? Laissez Prime Clean prendre soin de votre maison ! Devis gratuit pour le nettoyage de la maison : faites l\u2019exp\u00e9rience de la qualit\u00e9 Prime Clean Prime Clean est l\u2019entreprise de nettoyage \u00e0 domicile id\u00e9ale pour ceux qui recherchent un service professionnel &hellip; Continue reading Nettoyages m\u00e9nagers \u00e9conomiques","og_url":"https:\/\/www.prime-clean.com\/fr\/nettoyages-menagers-economiques\/","og_site_name":"Entreprise de nettoyage Prime Clean","article_publisher":"https:\/\/www.facebook.com\/FranchisingLimpezasPrimeClean\/","article_modified_time":"2024-12-26T00:39:57+00:00","og_image":[{"width":1200,"height":675,"url":"https:\/\/www.prime-clean.com\/wp-content\/uploads\/2025\/01\/Ja-conhece.jpg","type":"image\/jpeg"}],"twitter_card":"summary_large_image","twitter_site":"@primecleangroup","twitter_misc":{"Dur\u00e9e de lecture estim\u00e9e":"2 minutes"},"schema":{"@context":"https:\/\/schema.org","@graph":[{"@type":"WebPage","@id":"https:\/\/www.prime-clean.com\/fr\/nettoyages-menagers-economiques\/","url":"https:\/\/www.prime-clean.com\/fr\/nettoyages-menagers-economiques\/","name":"Nettoyages m\u00e9nagers \u00e9conomiques - Entreprise de nettoyage Prime Clean","isPartOf":{"@id":"https:\/\/www.prime-clean.com\/fr\/#website"},"datePublished":"2022-12-30T10:54:19+00:00","dateModified":"2024-12-26T00:39:57+00:00","breadcrumb":{"@id":"https:\/\/www.prime-clean.com\/fr\/nettoyages-menagers-economiques\/#breadcrumb"},"inLanguage":"fr-FR","potentialAction":[{"@type":"ReadAction","target":["https:\/\/www.prime-clean.com\/fr\/nettoyages-menagers-economiques\/"]}]},{"@type":"BreadcrumbList","@id":"https:\/\/www.prime-clean.com\/fr\/nettoyages-menagers-economiques\/#breadcrumb","itemListElement":[{"@type":"ListItem","position":1,"name":"In\u00edcio","item":"https:\/\/www.prime-clean.com\/fr\/"},{"@type":"ListItem","position":2,"name":"Nettoyages m\u00e9nagers \u00e9conomiques"}]},{"@type":"WebSite","@id":"https:\/\/www.prime-clean.com\/fr\/#website","url":"https:\/\/www.prime-clean.com\/fr\/","name":"Empresa de limpezas Prime Clean","description":"L'entreprise de nettoyage Prime Clean est la meilleure option en mati\u00e8re de services de nettoyage domestique et commercial.","alternateName":"Empresa de limpezas","potentialAction":[{"@type":"SearchAction","target":{"@type":"EntryPoint","urlTemplate":"https:\/\/www.prime-clean.com\/fr\/?s={search_term_string}"},"query-input":{"@type":"PropertyValueSpecification","valueRequired":true,"valueName":"search_term_string"}}],"inLanguage":"fr-FR"}]}},"_links":{"self":[{"href":"https:\/\/www.prime-clean.com\/fr\/wp-json\/wp\/v2\/pages\/13532","targetHints":{"allow":["GET"]}}],"collection":[{"href":"https:\/\/www.prime-clean.com\/fr\/wp-json\/wp\/v2\/pages"}],"about":[{"href":"https:\/\/www.prime-clean.com\/fr\/wp-json\/wp\/v2\/types\/page"}],"author":[{"embeddable":true,"href":"https:\/\/www.prime-clean.com\/fr\/wp-json\/wp\/v2\/users\/1"}],"replies":[{"embeddable":true,"href":"https:\/\/www.prime-clean.com\/fr\/wp-json\/wp\/v2\/comments?post=13532"}],"version-history":[{"count":1,"href":"https:\/\/www.prime-clean.com\/fr\/wp-json\/wp\/v2\/pages\/13532\/revisions"}],"predecessor-version":[{"id":13534,"href":"https:\/\/www.prime-clean.com\/fr\/wp-json\/wp\/v2\/pages\/13532\/revisions\/13534"}],"wp:attachment":[{"href":"https:\/\/www.prime-clean.com\/fr\/wp-json\/wp\/v2\/media?parent=13532"}],"curies":[{"name":"wp","href":"https:\/\/api.w.org\/{rel}","templated":true}]}}