{"id":13576,"date":"2024-05-10T18:31:07","date_gmt":"2024-05-10T18:31:07","guid":{"rendered":"https:\/\/www.prime-clean.com\/erfahren-sie-mehr-ueber-prime-clean\/"},"modified":"2024-12-26T00:42:16","modified_gmt":"2024-12-26T00:42:16","slug":"erfahren-sie-mehr-ueber-prime-clean","status":"publish","type":"page","link":"https:\/\/www.prime-clean.com\/de\/erfahren-sie-mehr-ueber-prime-clean\/","title":{"rendered":"Erfahren Sie mehr \u00fcber Prime Clean"},"content":{"rendered":"<div class=\"wpb-content-wrapper\"><p>[vc_row][vc_column]<div class=\"themestek-element-heading-wrapper themestek-heading-inner themestek-element-align-center themestek-seperator-none \"><section class=\"themestek-vc_cta3-container\"><div class=\"themestek-vc_general themestek-vc_cta3 themestek-cta3-only themestek-vc_cta3-style-classic themestek-vc_cta3-shape-rounded themestek-vc_cta3-align-center themestek-vc_cta3-color-transparent themestek-vc_cta3-icon-size-md themestek-vc_cta3-actions-no themestek-cta3-without-desc\"><div class=\"themestek-vc_cta3_content-container\"><div class=\"themestek-vc_cta3-content\"><div class=\"themestek-vc_cta3-content-header themestek-wrap\"><div class=\"themestek-vc_cta3-headers themestek-wrap-cell\"><h4 class=\"themestek-custom-heading \" >Prime Clean - Limpezas dom\u00e9sticas e Comerciais<\/h4>\n<h2 class=\"themestek-custom-heading \" >Saiba mais sobre a empresa de limpezas Prime Clean<\/h2>\n<\/div><\/div><\/div><\/div><\/div><\/section><\/div> <!-- .themestek-element-heading-wrapper container --> [\/vc_column][\/vc_row][vc_row css=&#8220;.vc_custom_1715366396394{margin-top: -250px !important;}&#8220;][vc_column][vc_column_text]<\/p>\n<h1><strong>Mehr als ein Reinigungsunternehmen, eine Erfolgsgeschichte<\/strong><\/h1>\n<p>Prime Clean ist mehr als nur ein Reinigungsunternehmen f\u00fcr Wohn- und Gewerbegeb\u00e4ude. Es ist die Verwirklichung des unternehmerischen Traums von Jorge Couto, der eine L\u00fccke in der Professionalisierung des Sektors erkannte und ein innovatives Konzept idealisierte: Prime Clean. <\/p>\n<h2><strong>Prime Clean garantiert seinen Kunden:<\/strong><\/h2>\n<ul>\n<li><strong>Absolutes Vertrauen:<\/strong> Hochqualifizierte und standardisierte Fachkr\u00e4fte mit gepr\u00fcfter Eignung und unfallversicherten Dienstleistungen.<\/li>\n<li><strong>Sicherheit:<\/strong> Engagement f\u00fcr Ihren Seelenfrieden und Ihr Wohlbefinden.<\/li>\n<li><strong>Tadellose Qualit\u00e4t:<\/strong> Exzellenter Service, der Ihren spezifischen Bed\u00fcrfnissen entspricht.<\/li>\n<\/ul>\n<h2><strong>Nationale Reichweite und konsolidierte Anerkennung:<\/strong><\/h2>\n<p>Seit seiner Einf\u00fchrung in Portugal hat Prime Clean den Markt auf kometenhafte Weise erobert. Es wurde schnell zu einem f\u00fchrenden Unternehmen in der Stadt Set\u00fabal und expandierte durch das Franchising-Modell im ganzen Land. In weniger als zwei Jahren hat es sich als wichtigste nationale Referenz in der Branche gefestigt und zeigt die Qualit\u00e4t und das Engagement der Marke.  <\/p>\n<h2><strong>Auf Ihre Bed\u00fcrfnisse zugeschnittene Reinigungsdienstleistungen:<\/strong><\/h2>\n<p>Bei Prime Clean steht der Kunde im Mittelpunkt. Wir bieten ma\u00dfgeschneiderte Reinigungsdienste, die sich an Ihre Bed\u00fcrfnisse und Vorlieben anpassen. <\/p>\n<ul>\n<li><strong>Flexibilit\u00e4t:<\/strong> Reinigungspl\u00e4ne, die an Ihre Routine und Ihr Budget angepasst werden k\u00f6nnen.<\/li>\n<li><strong>Anpassung:<\/strong> Ma\u00dfgeschneiderte Dienstleistungen, nach Ihren spezifischen Anweisungen f\u00fcr die Reinigung und Organisation von R\u00e4umen.<\/li>\n<li><strong>Begleitung:<\/strong> Engagierter Vertriebstechniker in Ihrer Region, um Ihre volle Zufriedenheit zu gew\u00e4hrleisten.<\/li>\n<li><strong>Offene Kommunikation:<\/strong> Direkter Kanal f\u00fcr Feedback und Vorschl\u00e4ge, mit dem Ziel der kontinuierlichen Verbesserung unserer Dienstleistungen.<\/li>\n<\/ul>\n<h2><strong>Ruhe und Vertrauen stehen vor allem:<\/strong><\/h2>\n<p>Wir glauben an den Aufbau von vertrauensvollen Beziehungen zu unseren Kunden. Daher ben\u00f6tigen wir keine schriftlichen Vertr\u00e4ge, die Sie an eine formelle Verpflichtung binden. Ihr Wort reicht uns aus, um eine erfolgreiche Partnerschaft zu beginnen.  <\/p>\n<h3><strong>Garantierte Qualit\u00e4t:<\/strong><\/h3>\n<p>Wenn Sie aus irgendeinem Grund mit unseren Dienstleistungen nicht zufrieden sind, kontaktieren Sie uns einfach. Wir werden an den Standort zur\u00fcckkehren und die Reinigung ohne zus\u00e4tzliche Kosten wiederholen. Unser Ziel ist es, Ihre volle Zufriedenheit zu gew\u00e4hrleisten und einen personalisierten Reinigungsplan zu erstellen, der Ihren spezifischen Bed\u00fcrfnissen entspricht.  <\/p>\n<h4><strong>Treten Sie Prime Clean bei und werden Sie Teil des Erfolgs!<\/strong><\/h4>\n<p>Werden Sie Prime Clean Franchisenehmer und werden Sie Teil einer bew\u00e4hrten Erfolgsgeschichte. Bieten Sie Ihren Kunden qualitativ hochwertige Reinigungsdienstleistungen an und bauen Sie ein profitables und lohnendes Gesch\u00e4ft auf. <\/p>\n<h4><strong>Prime Clean: Ihre richtige Wahl f\u00fcr eine einwandfreie Reinigung und absolute Sicherheit.<\/strong><\/h4>\n<p>[\/vc_column_text][\/vc_column][\/vc_row][vc_row themestek_textcolor=&#8220;white&#8220; full_width=&#8220;stretch_row&#8220; equal_height=&#8220;yes&#8220; css=&#8220;.vc_custom_1559811245484{padding-top: 120px !important;padding-bottom: 100px !important;background-image: url(https:\/\/cleaninco-demo.pbminfotech.com\/wp-content\/uploads\/2019\/04\/bg-img.png?id=9388) !important;background-position: center !important;background-repeat: no-repeat !important;background-size: cover !important;}&#8220;][vc_column]<h4 style=\"text-align:center;font-size:22px;line-height:28px;color:#ffffff;\" class=\"themestek-custom-heading \" >Haben Sie Fragen, die Sie kl\u00e4ren m\u00f6chten?<\/h4>\n<h2 style=\"text-align:center;font-size:50px;line-height:60px;color:#ffffff;\" class=\"themestek-custom-heading \" >+(351) 210 015 275<\/h2>\n<h4 style=\"text-align:center;font-size:18px;line-height:28px;color:#ffffff;\" class=\"themestek-custom-heading \" >Anruf ins nationale Festnetz<\/h4>\n[\/vc_column][\/vc_row][vc_row full_width=&#8220;stretch_row&#8220; css=&#8220;.vc_custom_1556100212925{background-color: #f4fbfd !important;}&#8220;][vc_column]<div class=\"themestek-element-heading-wrapper themestek-heading-inner themestek-element-align-center themestek-seperator-none \"><section class=\"themestek-vc_cta3-container\"><div class=\"themestek-vc_general themestek-vc_cta3 themestek-cta3-only themestek-vc_cta3-style-classic themestek-vc_cta3-shape-rounded themestek-vc_cta3-align-center themestek-vc_cta3-color-transparent themestek-vc_cta3-icon-size-md themestek-vc_cta3-actions-no themestek-cta3-without-desc\"><div class=\"themestek-vc_cta3_content-container\"><div class=\"themestek-vc_cta3-content\"><div class=\"themestek-vc_cta3-content-header themestek-wrap\"><div class=\"themestek-vc_cta3-headers themestek-wrap-cell\"><h4 class=\"themestek-custom-heading \" >DICAS, NOTICIAS E ARTIGOS<\/h4>\n<h2 class=\"themestek-custom-heading \" >Dicas, noticias e artigos da nossa empresa de limpezas<\/h2>\n<\/div><\/div><\/div><\/div><\/div><\/section><\/div> <!-- .themestek-element-heading-wrapper container --> [vc_row_inner][vc_column_inner offset=&#8220;vc_col-lg-6 vc_col-md-12&#8243;]<div class=\"themestek-boxes themestek-boxes-blog themestek-boxes-view-default themestek-boxes-col-one themestek-boxes-sortable-no themestek-boxes-textalign-center themestek-boxes-sortablebutton-\">\r\n\t\t<div class=\"themestek-boxes-inner themestek-boxes-blog-inner \">\r\n\t\t\t\r\n\t\t\t<div class=\"row multi-columns-row themestek-boxes-row-wrapper\">\r\n\t\t\t\t<div class=\"themestek-box-col-wrapper col-lg-12 col-sm-12 col-md-12 col-xs-12 ts-term-99 ts-term-54\"><article class=\"themestek-box themestek-box-blog themestek-blogbox-style-3 themestek-blogbox-format- \">\r\n\t<div class=\"post-item\">\r\n\t\t<div class=\"themestek-blog-image-with-meta\">\r\n\t\t\t<div class=\"themestek-featured-wrapper themestek-post-featured-wrapper themestek-post-format-\"><img loading=\"lazy\" decoding=\"async\" width=\"800\" height=\"532\" src=\"https:\/\/www.prime-clean.com\/wp-content\/uploads\/2026\/03\/limpezas-domesticas-guimaraes-800x533.png\" class=\"attachment-themestek-img-800x533 size-themestek-img-800x533 wp-post-image\" alt=\"Professionelle Reinigung mit geschultem Personal und moderner Ausr\u00fcstung in Guimar\u00e3es. Wohn-, Gewerbe- und Industriereinigungsdienste mit garantierter Qualit\u00e4t und Effizienz.\" \/><\/div>\t\t\t<div class=\"themestek-meta-date\"> 26<span>M\u00e4rz<\/span><\/div>\r\n\t\t<\/div>\r\n\t\t<div class=\"themestek-box-content\">\r\n\t\t\t<div class=\"themestek-entry-meta-wrapper\"><div class=\"entry-meta themestek-entry-meta themestek-entry-meta-blogclassic\"><span class=\"themestek-meta-line byline\">  <span class=\"author vcard\"><span class=\"screen-reader-text themestek-hide\">Author <\/span>Von <a class=\"url fn n\" href=\"https:\/\/www.prime-clean.com\/de\/author\/jorge\/\">Miguel<\/a><\/span><\/span><span class=\"themestek-meta-line comments-link\"> <a href=\"https:\/\/www.prime-clean.com\/de\/prime-clean-guimaraes-reinigungsfirma\/#respond\">Kommentar<\/a><\/span><span class=\"themestek-meta-line cat-links\"> <span class=\"screen-reader-text themestek-hide\">Categories <\/span><a href=\"https:\/\/www.prime-clean.com\/de\/kategorie\/nachrichten\/\" rel=\"category tag\">Nachrichten<\/a>, <a href=\"https:\/\/www.prime-clean.com\/de\/kategorie\/prime-clean-unternehmen\/\" rel=\"category tag\">Prime Clean Unternehmen<\/a><\/span><\/div><\/div>\t\t\t<div class=\"themestek-box-title\"><h4><a href=\"https:\/\/www.prime-clean.com\/de\/prime-clean-guimaraes-reinigungsfirma\/\">Prime Clean Guimar\u00e3es Reinigungsfirma<\/a><\/h4><\/div>\t\t\t<div class=\"ts-blogbox-readmore\">\r\n\t\t\t\t\t\t\t\t<\/div>\r\n\t\t<\/div>\r\n\t<\/div>\r\n<\/article>\r\n<\/div>\r\n\t\t\t<\/div>\r\n\t\t<\/div><!-- .themestek-boxes-inner -->   <\/div><!-- .themestek-boxes -->  [\/vc_column_inner][vc_column_inner offset=&#8220;vc_col-lg-6 vc_col-md-12&#8243;]<div class=\"themestek-boxes themestek-boxes-blog themestek-boxes-view-default themestek-boxes-col-one themestek-boxes-sortable-no themestek-boxes-textalign-center themestek-boxes-sortablebutton-\">\r\n\t\t<div class=\"themestek-boxes-inner themestek-boxes-blog-inner \">\r\n\t\t\t\r\n\t\t\t<div class=\"row multi-columns-row themestek-boxes-row-wrapper\">\r\n\t\t\t\t<div class=\"themestek-box-col-wrapper col-lg-12 col-sm-12 col-md-12 col-xs-12 ts-term-90\"><article class=\"themestek-box themestek-box-blog themestek-blogbox-style-2 themestek-blogbox-format-  themestek-blog-box-lr\">\r\n\t<div class=\"post-item clearfix\">\r\n        <div class=\"col-md-4 col-sm-4 themestek-box-img-right\">\r\n\t\t\t<div class=\"themestek-featured-wrapper themestek-post-featured-wrapper themestek-post-format-\"><img loading=\"lazy\" decoding=\"async\" width=\"800\" height=\"650\" src=\"https:\/\/www.prime-clean.com\/wp-content\/uploads\/2019\/03\/img-02-800x650.jpg\" class=\"attachment-themestek-img-800x650 size-themestek-img-800x650 wp-post-image\" alt=\"\" \/><\/div>\t\t<\/div>\r\n        <div class=\"themestek-box-content col-md-8 col-sm-8\">\r\n\t\t\t<div class=\"themestek-box-content-inner\">\r\n\r\n\t\t\t\t<div class=\"themestek-entry-meta-wrapper\"><div class=\"entry-meta themestek-entry-meta themestek-entry-meta-blogclassic\"><span class=\"themestek-meta-line byline\">  <span class=\"author vcard\"><span class=\"screen-reader-text themestek-hide\">Author <\/span>Von <a class=\"url fn n\" href=\"https:\/\/www.prime-clean.com\/de\/author\/jorge\/\">Miguel<\/a><\/span><\/span><span class=\"themestek-meta-line comments-link\"> <a href=\"https:\/\/www.prime-clean.com\/de\/warum-sollten-sie-eine-reinigungsfirma-fuer-ihr-unternehmen-beauftragen\/#respond\">Kommentar<\/a><\/span><span class=\"themestek-meta-line cat-links\"> <span class=\"screen-reader-text themestek-hide\">Categories <\/span><a href=\"https:\/\/www.prime-clean.com\/de\/kategorie\/reinigungstipps\/\" rel=\"category tag\">Reinigungstipps<\/a><\/span><\/div><\/div>\t\t\t\t<div class=\"themestek-box-title\"><h4><a href=\"https:\/\/www.prime-clean.com\/de\/warum-sollten-sie-eine-reinigungsfirma-fuer-ihr-unternehmen-beauftragen\/\">Warum sollten Sie eine Reinigungsfirma f\u00fcr Ihr Unternehmen beauftragen?<\/a><\/h4><\/div>\t\t\t\t<div class=\"ts-blogbox-readmore\">\r\n\t\t\t\t\t\t\t\t\t<\/div>\r\n            <\/div>\r\n        <\/div>\r\n\t<\/div>\r\n<\/article>\r\n<\/div><div class=\"themestek-box-col-wrapper col-lg-12 col-sm-12 col-md-12 col-xs-12 ts-term-41\"><article class=\"themestek-box themestek-box-blog themestek-blogbox-style-2 themestek-blogbox-format-  themestek-blog-box-lr\">\r\n\t<div class=\"post-item clearfix\">\r\n        <div class=\"col-md-4 col-sm-4 themestek-box-img-right\">\r\n\t\t\t<div class=\"themestek-featured-wrapper themestek-post-featured-wrapper themestek-post-format-\"><img loading=\"lazy\" decoding=\"async\" width=\"800\" height=\"650\" src=\"https:\/\/www.prime-clean.com\/wp-content\/uploads\/2019\/06\/img-01-800x650.jpg\" class=\"attachment-themestek-img-800x650 size-themestek-img-800x650 wp-post-image\" alt=\"\" \/><\/div>\t\t<\/div>\r\n        <div class=\"themestek-box-content col-md-8 col-sm-8\">\r\n\t\t\t<div class=\"themestek-box-content-inner\">\r\n\r\n\t\t\t\t<div class=\"themestek-entry-meta-wrapper\"><div class=\"entry-meta themestek-entry-meta themestek-entry-meta-blogclassic\"><span class=\"themestek-meta-line byline\">  <span class=\"author vcard\"><span class=\"screen-reader-text themestek-hide\">Author <\/span>Von <a class=\"url fn n\" href=\"https:\/\/www.prime-clean.com\/de\/author\/jorge\/\">Miguel<\/a><\/span><\/span><span class=\"themestek-meta-line comments-link\"> <a href=\"https:\/\/www.prime-clean.com\/de\/fuenf-reinigungstipps-fuer-ihr-zuhause\/#respond\">Kommentar<\/a><\/span><span class=\"themestek-meta-line cat-links\"> <span class=\"screen-reader-text themestek-hide\">Categories <\/span><a href=\"https:\/\/www.prime-clean.com\/de\/kategorie\/unkategorisiert\/\" rel=\"category tag\">Unkategorisiert<\/a><\/span><\/div><\/div>\t\t\t\t<div class=\"themestek-box-title\"><h4><a href=\"https:\/\/www.prime-clean.com\/de\/fuenf-reinigungstipps-fuer-ihr-zuhause\/\">F\u00fcnf Reinigungstipps f\u00fcr Ihr Zuhause<\/a><\/h4><\/div>\t\t\t\t<div class=\"ts-blogbox-readmore\">\r\n\t\t\t\t\t\t\t\t\t<\/div>\r\n            <\/div>\r\n        <\/div>\r\n\t<\/div>\r\n<\/article>\r\n<\/div><div class=\"themestek-box-col-wrapper col-lg-12 col-sm-12 col-md-12 col-xs-12 ts-term-54\"><article class=\"themestek-box themestek-box-blog themestek-blogbox-style-2 themestek-blogbox-format-chat  themestek-blog-box-lr\">\r\n\t<div class=\"post-item clearfix\">\r\n        <div class=\"col-md-4 col-sm-4 themestek-box-img-right\">\r\n\t\t\t<div class=\"themestek-featured-wrapper themestek-post-featured-wrapper themestek-post-format-chat\"><img loading=\"lazy\" decoding=\"async\" width=\"800\" height=\"650\" src=\"https:\/\/www.prime-clean.com\/wp-content\/uploads\/2018\/08\/empresa-limpezas-braga-800x650.jpg\" class=\"attachment-themestek-img-800x650 size-themestek-img-800x650 wp-post-image\" alt=\"\" \/><\/div>\t\t<\/div>\r\n        <div class=\"themestek-box-content col-md-8 col-sm-8\">\r\n\t\t\t<div class=\"themestek-box-content-inner\">\r\n\r\n\t\t\t\t<div class=\"themestek-entry-meta-wrapper\"><div class=\"entry-meta themestek-entry-meta themestek-entry-meta-blogclassic\"><span class=\"themestek-meta-line byline\">  <span class=\"author vcard\"><span class=\"screen-reader-text themestek-hide\">Author <\/span>Von <a class=\"url fn n\" href=\"https:\/\/www.prime-clean.com\/de\/author\/jorge\/\">Miguel<\/a><\/span><\/span><span class=\"themestek-meta-line comments-link\"> <a href=\"https:\/\/www.prime-clean.com\/de\/neue-reinigungsfirma-prime-clean-braga\/#respond\">Kommentar<\/a><\/span><span class=\"themestek-meta-line cat-links\"> <span class=\"screen-reader-text themestek-hide\">Categories <\/span><a href=\"https:\/\/www.prime-clean.com\/de\/kategorie\/prime-clean-unternehmen\/\" rel=\"category tag\">Prime Clean Unternehmen<\/a><\/span><\/div><\/div>\t\t\t\t<div class=\"themestek-box-title\"><h4><a href=\"https:\/\/www.prime-clean.com\/de\/neue-reinigungsfirma-prime-clean-braga\/\">Neue Reinigungsfirma Prime Clean &#8211; Braga<\/a><\/h4><\/div>\t\t\t\t<div class=\"ts-blogbox-readmore\">\r\n\t\t\t\t\t\t\t\t\t<\/div>\r\n            <\/div>\r\n        <\/div>\r\n\t<\/div>\r\n<\/article>\r\n<\/div>\r\n\t\t\t<\/div>\r\n\t\t<\/div><!-- .themestek-boxes-inner -->   <\/div><!-- .themestek-boxes -->  [\/vc_column_inner][\/vc_row_inner][\/vc_column][\/vc_row]<\/p>\n<\/div>","protected":false},"excerpt":{"rendered":"<p>[vc_row][vc_column][\/vc_column][\/vc_row][vc_row css=&#8220;.vc_custom_1715366396394{margin-top: -250px !important;}&#8220;][vc_column][vc_column_text] Mehr als ein Reinigungsunternehmen, eine Erfolgsgeschichte Prime Clean ist mehr als nur ein Reinigungsunternehmen f\u00fcr Wohn- und Gewerbegeb\u00e4ude. Es ist die Verwirklichung des unternehmerischen Traums von Jorge Couto, der eine L\u00fccke in der Professionalisierung des Sektors erkannte und ein innovatives Konzept idealisierte: Prime Clean. Prime Clean garantiert seinen Kunden: Absolutes Vertrauen: &hellip; <a href=\"https:\/\/www.prime-clean.com\/de\/neue-reinigungsfirma-prime-clean-braga\/\" class=\"more-link\">Continue reading <span class=\"screen-reader-text\">Neue Reinigungsfirma Prime Clean &#8211; Braga<\/span><\/a><\/p>\n","protected":false},"author":1,"featured_media":0,"parent":0,"menu_order":6,"comment_status":"closed","ping_status":"closed","template":"","meta":{"footnotes":""},"class_list":["post-13576","page","type-page","status-publish","hentry"],"yoast_head":"<!-- This site is optimized with the Yoast SEO Premium plugin v26.9 (Yoast SEO v26.9) - https:\/\/yoast.com\/product\/yoast-seo-premium-wordpress\/ -->\n<title>Erfahren Sie mehr \u00fcber Prime Clean - Reinigungsunternehmen Prime Clean<\/title>\n<meta name=\"robots\" content=\"index, follow, max-snippet:-1, max-image-preview:large, max-video-preview:-1\" \/>\n<link rel=\"canonical\" href=\"https:\/\/www.prime-clean.com\/de\/erfahren-sie-mehr-ueber-prime-clean\/\" \/>\n<meta property=\"og:locale\" content=\"de_DE\" \/>\n<meta property=\"og:type\" content=\"article\" \/>\n<meta property=\"og:title\" content=\"Erfahren Sie mehr \u00fcber Prime Clean\" \/>\n<meta property=\"og:description\" content=\"[vc_row][vc_column][\/vc_column][\/vc_row][vc_row css=&#8220;.vc_custom_1715366396394{margin-top: -250px !important;}&#8220;][vc_column][vc_column_text] Mehr als ein Reinigungsunternehmen, eine Erfolgsgeschichte Prime Clean ist mehr als nur ein Reinigungsunternehmen f\u00fcr Wohn- und Gewerbegeb\u00e4ude. Es ist die Verwirklichung des unternehmerischen Traums von Jorge Couto, der eine L\u00fccke in der Professionalisierung des Sektors erkannte und ein innovatives Konzept idealisierte: Prime Clean. Prime Clean garantiert seinen Kunden: Absolutes Vertrauen: &hellip; Continue reading Neue Reinigungsfirma Prime Clean &#8211; Braga\" \/>\n<meta property=\"og:url\" content=\"https:\/\/www.prime-clean.com\/de\/erfahren-sie-mehr-ueber-prime-clean\/\" \/>\n<meta property=\"og:site_name\" content=\"Reinigungsunternehmen Prime Clean\" \/>\n<meta property=\"article:publisher\" content=\"https:\/\/www.facebook.com\/FranchisingLimpezasPrimeClean\/\" \/>\n<meta property=\"article:modified_time\" content=\"2024-12-26T00:42:16+00:00\" \/>\n<meta property=\"og:image\" content=\"https:\/\/www.prime-clean.com\/wp-content\/uploads\/2025\/01\/Ja-conhece.jpg\" \/>\n\t<meta property=\"og:image:width\" content=\"1200\" \/>\n\t<meta property=\"og:image:height\" content=\"675\" \/>\n\t<meta property=\"og:image:type\" content=\"image\/jpeg\" \/>\n<meta name=\"twitter:card\" content=\"summary_large_image\" \/>\n<meta name=\"twitter:site\" content=\"@primecleangroup\" \/>\n<meta name=\"twitter:label1\" content=\"Gesch\u00e4tzte Lesezeit\" \/>\n\t<meta name=\"twitter:data1\" content=\"3\u00a0Minuten\" \/>\n<script type=\"application\/ld+json\" class=\"yoast-schema-graph\">{\"@context\":\"https:\/\/schema.org\",\"@graph\":[{\"@type\":\"WebPage\",\"@id\":\"https:\/\/www.prime-clean.com\/de\/erfahren-sie-mehr-ueber-prime-clean\/\",\"url\":\"https:\/\/www.prime-clean.com\/de\/erfahren-sie-mehr-ueber-prime-clean\/\",\"name\":\"Erfahren Sie mehr \u00fcber Prime Clean - Reinigungsunternehmen Prime Clean\",\"isPartOf\":{\"@id\":\"https:\/\/www.prime-clean.com\/de\/#website\"},\"datePublished\":\"2024-05-10T18:31:07+00:00\",\"dateModified\":\"2024-12-26T00:42:16+00:00\",\"breadcrumb\":{\"@id\":\"https:\/\/www.prime-clean.com\/de\/erfahren-sie-mehr-ueber-prime-clean\/#breadcrumb\"},\"inLanguage\":\"de\",\"potentialAction\":[{\"@type\":\"ReadAction\",\"target\":[\"https:\/\/www.prime-clean.com\/de\/erfahren-sie-mehr-ueber-prime-clean\/\"]}]},{\"@type\":\"BreadcrumbList\",\"@id\":\"https:\/\/www.prime-clean.com\/de\/erfahren-sie-mehr-ueber-prime-clean\/#breadcrumb\",\"itemListElement\":[{\"@type\":\"ListItem\",\"position\":1,\"name\":\"In\u00edcio\",\"item\":\"https:\/\/www.prime-clean.com\/de\/\"},{\"@type\":\"ListItem\",\"position\":2,\"name\":\"Erfahren Sie mehr \u00fcber Prime Clean\"}]},{\"@type\":\"WebSite\",\"@id\":\"https:\/\/www.prime-clean.com\/de\/#website\",\"url\":\"https:\/\/www.prime-clean.com\/de\/\",\"name\":\"Empresa de limpezas Prime Clean\",\"description\":\"Die Reinigungsfirma Prime Clean ist die beste Wahl f\u00fcr Haushalts- und Gewerbereinigungsdienste.\",\"alternateName\":\"Empresa de limpezas\",\"potentialAction\":[{\"@type\":\"SearchAction\",\"target\":{\"@type\":\"EntryPoint\",\"urlTemplate\":\"https:\/\/www.prime-clean.com\/de\/?s={search_term_string}\"},\"query-input\":{\"@type\":\"PropertyValueSpecification\",\"valueRequired\":true,\"valueName\":\"search_term_string\"}}],\"inLanguage\":\"de\"}]}<\/script>\n<!-- \/ Yoast SEO Premium plugin. -->","yoast_head_json":{"title":"Erfahren Sie mehr \u00fcber Prime Clean - Reinigungsunternehmen Prime Clean","robots":{"index":"index","follow":"follow","max-snippet":"max-snippet:-1","max-image-preview":"max-image-preview:large","max-video-preview":"max-video-preview:-1"},"canonical":"https:\/\/www.prime-clean.com\/de\/erfahren-sie-mehr-ueber-prime-clean\/","og_locale":"de_DE","og_type":"article","og_title":"Erfahren Sie mehr \u00fcber Prime Clean","og_description":"[vc_row][vc_column][\/vc_column][\/vc_row][vc_row css=&#8220;.vc_custom_1715366396394{margin-top: -250px !important;}&#8220;][vc_column][vc_column_text] Mehr als ein Reinigungsunternehmen, eine Erfolgsgeschichte Prime Clean ist mehr als nur ein Reinigungsunternehmen f\u00fcr Wohn- und Gewerbegeb\u00e4ude. Es ist die Verwirklichung des unternehmerischen Traums von Jorge Couto, der eine L\u00fccke in der Professionalisierung des Sektors erkannte und ein innovatives Konzept idealisierte: Prime Clean. Prime Clean garantiert seinen Kunden: Absolutes Vertrauen: &hellip; Continue reading Neue Reinigungsfirma Prime Clean &#8211; Braga","og_url":"https:\/\/www.prime-clean.com\/de\/erfahren-sie-mehr-ueber-prime-clean\/","og_site_name":"Reinigungsunternehmen Prime Clean","article_publisher":"https:\/\/www.facebook.com\/FranchisingLimpezasPrimeClean\/","article_modified_time":"2024-12-26T00:42:16+00:00","og_image":[{"width":1200,"height":675,"url":"https:\/\/www.prime-clean.com\/wp-content\/uploads\/2025\/01\/Ja-conhece.jpg","type":"image\/jpeg"}],"twitter_card":"summary_large_image","twitter_site":"@primecleangroup","twitter_misc":{"Gesch\u00e4tzte Lesezeit":"3\u00a0Minuten"},"schema":{"@context":"https:\/\/schema.org","@graph":[{"@type":"WebPage","@id":"https:\/\/www.prime-clean.com\/de\/erfahren-sie-mehr-ueber-prime-clean\/","url":"https:\/\/www.prime-clean.com\/de\/erfahren-sie-mehr-ueber-prime-clean\/","name":"Erfahren Sie mehr \u00fcber Prime Clean - Reinigungsunternehmen Prime Clean","isPartOf":{"@id":"https:\/\/www.prime-clean.com\/de\/#website"},"datePublished":"2024-05-10T18:31:07+00:00","dateModified":"2024-12-26T00:42:16+00:00","breadcrumb":{"@id":"https:\/\/www.prime-clean.com\/de\/erfahren-sie-mehr-ueber-prime-clean\/#breadcrumb"},"inLanguage":"de","potentialAction":[{"@type":"ReadAction","target":["https:\/\/www.prime-clean.com\/de\/erfahren-sie-mehr-ueber-prime-clean\/"]}]},{"@type":"BreadcrumbList","@id":"https:\/\/www.prime-clean.com\/de\/erfahren-sie-mehr-ueber-prime-clean\/#breadcrumb","itemListElement":[{"@type":"ListItem","position":1,"name":"In\u00edcio","item":"https:\/\/www.prime-clean.com\/de\/"},{"@type":"ListItem","position":2,"name":"Erfahren Sie mehr \u00fcber Prime Clean"}]},{"@type":"WebSite","@id":"https:\/\/www.prime-clean.com\/de\/#website","url":"https:\/\/www.prime-clean.com\/de\/","name":"Empresa de limpezas Prime Clean","description":"Die Reinigungsfirma Prime Clean ist die beste Wahl f\u00fcr Haushalts- und Gewerbereinigungsdienste.","alternateName":"Empresa de limpezas","potentialAction":[{"@type":"SearchAction","target":{"@type":"EntryPoint","urlTemplate":"https:\/\/www.prime-clean.com\/de\/?s={search_term_string}"},"query-input":{"@type":"PropertyValueSpecification","valueRequired":true,"valueName":"search_term_string"}}],"inLanguage":"de"}]}},"_links":{"self":[{"href":"https:\/\/www.prime-clean.com\/de\/wp-json\/wp\/v2\/pages\/13576","targetHints":{"allow":["GET"]}}],"collection":[{"href":"https:\/\/www.prime-clean.com\/de\/wp-json\/wp\/v2\/pages"}],"about":[{"href":"https:\/\/www.prime-clean.com\/de\/wp-json\/wp\/v2\/types\/page"}],"author":[{"embeddable":true,"href":"https:\/\/www.prime-clean.com\/de\/wp-json\/wp\/v2\/users\/1"}],"replies":[{"embeddable":true,"href":"https:\/\/www.prime-clean.com\/de\/wp-json\/wp\/v2\/comments?post=13576"}],"version-history":[{"count":2,"href":"https:\/\/www.prime-clean.com\/de\/wp-json\/wp\/v2\/pages\/13576\/revisions"}],"predecessor-version":[{"id":13581,"href":"https:\/\/www.prime-clean.com\/de\/wp-json\/wp\/v2\/pages\/13576\/revisions\/13581"}],"wp:attachment":[{"href":"https:\/\/www.prime-clean.com\/de\/wp-json\/wp\/v2\/media?parent=13576"}],"curies":[{"name":"wp","href":"https:\/\/api.w.org\/{rel}","templated":true}]}}