{"id":13526,"date":"2022-12-30T10:54:19","date_gmt":"2022-12-30T10:54:19","guid":{"rendered":"https:\/\/www.prime-clean.com\/budget-haushaltsreinigungen\/"},"modified":"2024-12-26T00:39:57","modified_gmt":"2024-12-26T00:39:57","slug":"budget-haushaltsreinigungen","status":"publish","type":"page","link":"https:\/\/www.prime-clean.com\/de\/budget-haushaltsreinigungen\/","title":{"rendered":"Budget-Haushaltsreinigungen"},"content":{"rendered":"<div class=\"wpb-content-wrapper\"><p>[vc_row][vc_column width=&#8220;1\/4&#8243;][vc_wp_custommenu nav_menu=&#8220;34&#8243;][\/vc_column][vc_column width=&#8220;2\/3&#8243;]<div class=\"themestek-element-heading-wrapper themestek-heading-inner themestek-element-align-center themestek-seperator-none \"><section class=\"themestek-vc_cta3-container\"><div class=\"themestek-vc_general themestek-vc_cta3 themestek-cta3-only themestek-vc_cta3-style-classic themestek-vc_cta3-shape-rounded themestek-vc_cta3-align-center themestek-vc_cta3-color-transparent themestek-vc_cta3-icon-size-md themestek-vc_cta3-actions-no themestek-cta3-without-desc\"><div class=\"themestek-vc_cta3_content-container\"><div class=\"themestek-vc_cta3-content\"><div class=\"themestek-vc_cta3-content-header themestek-wrap\"><div class=\"themestek-vc_cta3-headers themestek-wrap-cell\"><h4 class=\"themestek-custom-heading \" >Or\u00e7amentos de limpezas dom\u00e9sticas Prime Clean<\/h4>\n<h2 class=\"themestek-custom-heading \" >Solicite aqui o seu or\u00e7amento gr\u00e1tis<\/h2>\n<\/div><\/div><\/div><\/div><\/div><\/section><\/div> <!-- .themestek-element-heading-wrapper container --> [vc_single_image image=&#8220;11013&#8243; img_size=&#8220;full&#8220; alignment=&#8220;center&#8220;][vc_column_text]<\/p>\n<div class=\"intro\">\n<div class=\"avatar-gutter ng-tns-c1552542602-298 ng-star-inserted\">\n<h2 class=\"resize-observable\"><strong>M\u00fcde vom Putzen? Lassen Sie Prime Clean sich um Ihr Zuhause k\u00fcmmern!<\/strong><\/h2>\n<\/div>\n<div class=\"response-container-content ng-tns-c1552542602-298\">\n<div class=\"response-content ng-tns-c1552542602-298\">\n<div class=\"markdown markdown-main-panel\" dir=\"ltr\">\n<h3 data-sourcepos=\"3:1-3:82\"><strong>Kostenloses Angebot f\u00fcr die Reinigung von H\u00e4usern: Erleben Sie erstklassige saubere Qualit\u00e4t<\/strong><\/h3>\n<p data-sourcepos=\"5:1-5:305\">Prime Clean ist das ideale Reinigungsunternehmen f\u00fcr alle, die einen <strong>professionellen, zuverl\u00e4ssigen Service zu wettbewerbsf\u00e4higen Preisen<\/strong> suchen. Mit mehr als <strong>12 Jahren Erfahrung<\/strong> auf dem Markt bietet Prime Clean einen <strong>qualitativ hochwertigen<\/strong> Service, der Ihr Zuhause in ein sauberes und einladendes Zuhause verwandelt.<\/p>\n<h3 data-sourcepos=\"7:1-7:34\"><strong>Warum Prime Clean w\u00e4hlen?<\/strong><\/h3>\n<ul data-sourcepos=\"9:1-14:0\">\n<li data-sourcepos=\"9:1-9:123\"><strong>Erfahrung und Professionalit\u00e4t:<\/strong> Ein erfahrenes und qualifiziertes Team, das geschult ist, um einen exzellenten Service zu bieten.<\/li>\n<li data-sourcepos=\"10:1-10:141\"><strong>Qualit\u00e4t und Engagement:<\/strong> Wir verwenden <strong>hochwertige Produkte<\/strong> und innovative Reinigungstechniken, um ein makelloses Ergebnis zu gew\u00e4hrleisten.<\/li>\n<li data-sourcepos=\"11:1-11:145\"><strong>Flexibilit\u00e4t und Anpassung:<\/strong> Wir passen unseren Service an Ihre spezifischen Bed\u00fcrfnisse an, mit flexiblen Zeitpl\u00e4nen und personalisierten Pl\u00e4nen.<\/li>\n<li data-sourcepos=\"12:1-12:164\"><strong>Vertrauen und Ruhe:<\/strong> Prime Clean ist ein <strong>zuverl\u00e4ssiges und sicheres<\/strong> Unternehmen mit Haftpflichtversicherung und ordnungsgem\u00e4\u00df ausgewiesenen Fachleuten.<\/li>\n<li data-sourcepos=\"13:1-14:0\"><strong>Engagement f\u00fcr Nachhaltigkeit:<\/strong> Wir verwenden umweltfreundliche Produkte und nachhaltige Reinigungspraktiken, um die Umwelt und Ihre Gesundheit zu sch\u00fctzen.<\/li>\n<\/ul>\n<h4 data-sourcepos=\"15:1-15:104\"><strong>Fordern Sie noch heute ein kostenloses Angebot an und finden Sie heraus, wie Prime Clean Ihr Leben ver\u00e4ndern kann!<\/strong><\/h4>\n<\/div>\n<\/div>\n<\/div>\n<\/div>\n<h4 class=\"texto\">Prime Clean: Ihr sauberes Zuhause, Ihr Leben leichter!<\/h4>\n<p>[\/vc_column_text]\n<div class=\"wpcf7 no-js\" id=\"wpcf7-f13596-o1\" lang=\"de-DE\" dir=\"ltr\" data-wpcf7-id=\"13596\">\n<div class=\"screen-reader-response\"><p role=\"status\" aria-live=\"polite\" aria-atomic=\"true\"><\/p> <ul><\/ul><\/div>\n<form action=\"\/de\/wp-json\/wp\/v2\/pages\/13526#wpcf7-f13596-o1\" method=\"post\" class=\"wpcf7-form init\" aria-label=\"Kontaktformular\" novalidate=\"novalidate\" data-status=\"init\">\n<fieldset class=\"hidden-fields-container\"><input type=\"hidden\" name=\"_wpcf7\" value=\"13596\" \/><input type=\"hidden\" name=\"_wpcf7_version\" value=\"6.1.5\" \/><input type=\"hidden\" name=\"_wpcf7_locale\" value=\"de_DE\" \/><input type=\"hidden\" name=\"_wpcf7_unit_tag\" value=\"wpcf7-f13596-o1\" \/><input type=\"hidden\" name=\"_wpcf7_container_post\" value=\"0\" \/><input type=\"hidden\" name=\"_wpcf7_posted_data_hash\" value=\"\" \/>\n<\/fieldset>\n<div class=\"main-form ts-order-form\">\n\t<div class=\"row\">\n\t\t<div class=\"col-md-6\">\n\t\t\t<div class=\"input-group\">\n\t\t\t\t<p><span class=\"wpcf7-form-control-wrap\" data-name=\"seu-nome\"><input size=\"40\" maxlength=\"400\" class=\"wpcf7-form-control wpcf7-text wpcf7-validates-as-required\" aria-required=\"true\" aria-invalid=\"false\" placeholder=\"Name\" value=\"\" type=\"text\" name=\"seu-nome\" \/><\/span>\n\t\t\t\t<\/p>\n\t\t\t<\/div>\n\t\t<\/div>\n\t\t<div class=\"col-md-6\">\n\t\t\t<div class=\"input-group\">\n\t\t\t\t<p><span class=\"wpcf7-form-control-wrap\" data-name=\"seu-email\"><input size=\"40\" maxlength=\"400\" class=\"wpcf7-form-control wpcf7-text wpcf7-validates-as-required\" aria-required=\"true\" aria-invalid=\"false\" placeholder=\"E-Mail\" value=\"\" type=\"text\" name=\"seu-email\" \/><\/span>\n\t\t\t\t<\/p>\n\t\t\t<\/div>\n\t\t<\/div>\n\t\t<div class=\"col-md-6\">\n\t\t\t<div class=\"input-group\">\n\t\t\t\t<p><span class=\"wpcf7-form-control-wrap\" data-name=\"seu-telefone\"><input size=\"40\" maxlength=\"400\" class=\"wpcf7-form-control wpcf7-text wpcf7-validates-as-required\" aria-required=\"true\" aria-invalid=\"false\" placeholder=\"Telefon\" value=\"\" type=\"text\" name=\"seu-telefone\" \/><\/span>\n\t\t\t\t<\/p>\n\t\t\t<\/div>\n\t\t<\/div>\n\t\t<div class=\"col-md-6\">\n\t\t\t<div class=\"input-group\">\n\t\t\t\t<p><span class=\"wpcf7-form-control-wrap\" data-name=\"seu-localidade\"><input size=\"40\" maxlength=\"400\" class=\"wpcf7-form-control wpcf7-text wpcf7-validates-as-required\" aria-required=\"true\" aria-invalid=\"false\" placeholder=\"\u00d6rtlichkeit\" value=\"\" type=\"text\" name=\"seu-localidade\" \/><\/span>\n\t\t\t\t<\/p>\n\t\t\t<\/div>\n\t\t<\/div>\n\t\t<div class=\"col-md-6\">\n\t\t\t<div class=\"input-group\">\n\t\t\t\t<p><span class=\"wpcf7-form-control-wrap\" data-name=\"seu-codigopostal\"><input size=\"40\" maxlength=\"400\" class=\"wpcf7-form-control wpcf7-text wpcf7-validates-as-required\" aria-required=\"true\" aria-invalid=\"false\" placeholder=\"0000-000\" value=\"\" type=\"text\" name=\"seu-codigopostal\" \/><\/span>\n\t\t\t\t<\/p>\n\t\t\t<\/div>\n\t\t<\/div>\n\t\t<div class=\"col-md-6\">\n\t\t\t<div class=\"input-group\">\n\t\t\t\t<p><span class=\"wpcf7-form-control-wrap\" data-name=\"tipolimpeza\"><select class=\"wpcf7-form-control wpcf7-select\" aria-invalid=\"false\" name=\"tipolimpeza\"><option value=\"-- Bitte w\u00e4hlen Sie die Art der Reinigung --\">-- Bitte w\u00e4hlen Sie die Art der Reinigung --<\/option><option value=\"Haushaltsreinigung Gewerbereinigung\">Haushaltsreinigung Gewerbereinigung<\/option><option value=\"Reinigung Eigentumswohnungen\">Reinigung Eigentumswohnungen<\/option><option value=\"Reinigung Nachbaureinigung\">Reinigung Nachbaureinigung<\/option><option value=\"Umzugsreinigung\">Umzugsreinigung<\/option><option value=\"Tiefenreinigung\">Tiefenreinigung<\/option><option value=\"\"><\/option><option value=\"Sonstige Reinigung\">Sonstige Reinigung<\/option><\/select><\/span>\n\t\t\t\t<\/p>\n\t\t\t<\/div>\n\t\t<\/div>\n\t\t<div class=\"col-md-12\">\n\t\t\t<div class=\"input-group input-button\">\n\t\t\t\t<p><span class=\"wpcf7-form-control-wrap\" data-name=\"message\"><textarea cols=\"40\" rows=\"4\" maxlength=\"2000\" class=\"wpcf7-form-control wpcf7-textarea\" aria-invalid=\"false\" placeholder=\"Mensagem (facultativo)\" name=\"message\"><\/textarea><\/span>\n\t\t\t\t<\/p>\n\t\t\t<\/div>\n\t\t<\/div>\n\t\t<p><span class=\"wpcf7-form-control-wrap\" data-name=\"checkbox-762\"><span class=\"wpcf7-form-control wpcf7-checkbox wpcf7-validates-as-required\"><span class=\"wpcf7-list-item first last\"><label><input type=\"checkbox\" name=\"checkbox-762[]\" value=\"Ich habe die Nutzungsbedingungen und die Datenschutzerkl\u00e4rung gelesen und akzeptiere sie.\" \/><span class=\"wpcf7-list-item-label\">Ich habe die Nutzungsbedingungen und die Datenschutzerkl\u00e4rung gelesen und akzeptiere sie.<\/span><\/label><\/span><\/span><\/span>\n\t\t<\/p>\n\t\t<div class=\"col-md-12\">\n\t\t\t<div class=\"input-group input-button\">\n\t\t\t\t<p><input class=\"wpcf7-form-control wpcf7-submit has-spinner btn-block\" type=\"submit\" value=\"Angebot senden\" \/>\n\t\t\t\t<\/p>\n\t\t\t<\/div>\n\t\t<\/div>\n\t<\/div>\n<\/div><div class=\"wpcf7-response-output\" aria-hidden=\"true\"><\/div>\n<\/form>\n<\/div>\n[\/vc_column][\/vc_row][vc_row themestek_textcolor=&#8220;white&#8220; full_width=&#8220;stretch_row&#8220; equal_height=&#8220;yes&#8220; css=&#8220;.vc_custom_1559811245484{padding-top: 120px !important;padding-bottom: 100px !important;background-image: url(https:\/\/cleaninco-demo.pbminfotech.com\/wp-content\/uploads\/2019\/04\/bg-img.png?id=9388) !important;background-position: center !important;background-repeat: no-repeat !important;background-size: cover !important;}&#8220;][vc_column]<h4 style=\"text-align:center;font-size:22px;line-height:28px;color:#ffffff;\" class=\"themestek-custom-heading \" >Haben Sie Fragen, die Sie kl\u00e4ren m\u00f6chten?<\/h4>\n<h2 style=\"text-align:center;font-size:50px;line-height:60px;color:#ffffff;\" class=\"themestek-custom-heading \" >+(351) 210 015 275<\/h2>\n<h4 style=\"text-align:center;font-size:18px;line-height:28px;color:#ffffff;\" class=\"themestek-custom-heading \" >Anruf ins nationale Festnetz<\/h4>\n[\/vc_column][\/vc_row]<\/p>\n<\/div>","protected":false},"excerpt":{"rendered":"<p>[vc_row][vc_column width=&#8220;1\/4&#8243;][vc_wp_custommenu nav_menu=&#8220;34&#8243;][\/vc_column][vc_column width=&#8220;2\/3&#8243;][vc_single_image image=&#8220;11013&#8243; img_size=&#8220;full&#8220; alignment=&#8220;center&#8220;][vc_column_text] M\u00fcde vom Putzen? Lassen Sie Prime Clean sich um Ihr Zuhause k\u00fcmmern! Kostenloses Angebot f\u00fcr die Reinigung von H\u00e4usern: Erleben Sie erstklassige saubere Qualit\u00e4t Prime Clean ist das ideale Reinigungsunternehmen f\u00fcr alle, die einen professionellen, zuverl\u00e4ssigen Service zu wettbewerbsf\u00e4higen Preisen suchen. Mit mehr als 12 Jahren Erfahrung auf &hellip; <a href=\"https:\/\/www.prime-clean.com\/de\/budget-haushaltsreinigungen\/\" class=\"more-link\">Continue reading <span class=\"screen-reader-text\">Budget-Haushaltsreinigungen<\/span><\/a><\/p>\n","protected":false},"author":1,"featured_media":0,"parent":0,"menu_order":6,"comment_status":"closed","ping_status":"closed","template":"","meta":{"footnotes":""},"class_list":["post-13526","page","type-page","status-publish","hentry"],"yoast_head":"<!-- This site is optimized with the Yoast SEO Premium plugin v26.9 (Yoast SEO v26.9) - https:\/\/yoast.com\/product\/yoast-seo-premium-wordpress\/ -->\n<title>Budget-Haushaltsreinigungen - Reinigungsunternehmen Prime Clean<\/title>\n<meta name=\"robots\" content=\"index, follow, max-snippet:-1, max-image-preview:large, max-video-preview:-1\" \/>\n<link rel=\"canonical\" href=\"https:\/\/www.prime-clean.com\/de\/budget-haushaltsreinigungen\/\" \/>\n<meta property=\"og:locale\" content=\"de_DE\" \/>\n<meta property=\"og:type\" content=\"article\" \/>\n<meta property=\"og:title\" content=\"Budget-Haushaltsreinigungen\" \/>\n<meta property=\"og:description\" content=\"[vc_row][vc_column width=&#8220;1\/4&#8243;][vc_wp_custommenu nav_menu=&#8220;34&#8243;][\/vc_column][vc_column width=&#8220;2\/3&#8243;][vc_single_image image=&#8220;11013&#8243; img_size=&#8220;full&#8220; alignment=&#8220;center&#8220;][vc_column_text] M\u00fcde vom Putzen? Lassen Sie Prime Clean sich um Ihr Zuhause k\u00fcmmern! Kostenloses Angebot f\u00fcr die Reinigung von H\u00e4usern: Erleben Sie erstklassige saubere Qualit\u00e4t Prime Clean ist das ideale Reinigungsunternehmen f\u00fcr alle, die einen professionellen, zuverl\u00e4ssigen Service zu wettbewerbsf\u00e4higen Preisen suchen. Mit mehr als 12 Jahren Erfahrung auf &hellip; Continue reading Budget-Haushaltsreinigungen\" \/>\n<meta property=\"og:url\" content=\"https:\/\/www.prime-clean.com\/de\/budget-haushaltsreinigungen\/\" \/>\n<meta property=\"og:site_name\" content=\"Reinigungsunternehmen Prime Clean\" \/>\n<meta property=\"article:publisher\" content=\"https:\/\/www.facebook.com\/FranchisingLimpezasPrimeClean\/\" \/>\n<meta property=\"article:modified_time\" content=\"2024-12-26T00:39:57+00:00\" \/>\n<meta property=\"og:image\" content=\"https:\/\/www.prime-clean.com\/wp-content\/uploads\/2025\/01\/Ja-conhece.jpg\" \/>\n\t<meta property=\"og:image:width\" content=\"1200\" \/>\n\t<meta property=\"og:image:height\" content=\"675\" \/>\n\t<meta property=\"og:image:type\" content=\"image\/jpeg\" \/>\n<meta name=\"twitter:card\" content=\"summary_large_image\" \/>\n<meta name=\"twitter:site\" content=\"@primecleangroup\" \/>\n<meta name=\"twitter:label1\" content=\"Gesch\u00e4tzte Lesezeit\" \/>\n\t<meta name=\"twitter:data1\" content=\"2\u00a0Minuten\" \/>\n<script type=\"application\/ld+json\" class=\"yoast-schema-graph\">{\"@context\":\"https:\/\/schema.org\",\"@graph\":[{\"@type\":\"WebPage\",\"@id\":\"https:\/\/www.prime-clean.com\/de\/budget-haushaltsreinigungen\/\",\"url\":\"https:\/\/www.prime-clean.com\/de\/budget-haushaltsreinigungen\/\",\"name\":\"Budget-Haushaltsreinigungen - Reinigungsunternehmen Prime Clean\",\"isPartOf\":{\"@id\":\"https:\/\/www.prime-clean.com\/de\/#website\"},\"datePublished\":\"2022-12-30T10:54:19+00:00\",\"dateModified\":\"2024-12-26T00:39:57+00:00\",\"breadcrumb\":{\"@id\":\"https:\/\/www.prime-clean.com\/de\/budget-haushaltsreinigungen\/#breadcrumb\"},\"inLanguage\":\"de\",\"potentialAction\":[{\"@type\":\"ReadAction\",\"target\":[\"https:\/\/www.prime-clean.com\/de\/budget-haushaltsreinigungen\/\"]}]},{\"@type\":\"BreadcrumbList\",\"@id\":\"https:\/\/www.prime-clean.com\/de\/budget-haushaltsreinigungen\/#breadcrumb\",\"itemListElement\":[{\"@type\":\"ListItem\",\"position\":1,\"name\":\"In\u00edcio\",\"item\":\"https:\/\/www.prime-clean.com\/de\/\"},{\"@type\":\"ListItem\",\"position\":2,\"name\":\"Budget-Haushaltsreinigungen\"}]},{\"@type\":\"WebSite\",\"@id\":\"https:\/\/www.prime-clean.com\/de\/#website\",\"url\":\"https:\/\/www.prime-clean.com\/de\/\",\"name\":\"Empresa de limpezas Prime Clean\",\"description\":\"Die Reinigungsfirma Prime Clean ist die beste Wahl f\u00fcr Haushalts- und Gewerbereinigungsdienste.\",\"alternateName\":\"Empresa de limpezas\",\"potentialAction\":[{\"@type\":\"SearchAction\",\"target\":{\"@type\":\"EntryPoint\",\"urlTemplate\":\"https:\/\/www.prime-clean.com\/de\/?s={search_term_string}\"},\"query-input\":{\"@type\":\"PropertyValueSpecification\",\"valueRequired\":true,\"valueName\":\"search_term_string\"}}],\"inLanguage\":\"de\"}]}<\/script>\n<!-- \/ Yoast SEO Premium plugin. -->","yoast_head_json":{"title":"Budget-Haushaltsreinigungen - Reinigungsunternehmen Prime Clean","robots":{"index":"index","follow":"follow","max-snippet":"max-snippet:-1","max-image-preview":"max-image-preview:large","max-video-preview":"max-video-preview:-1"},"canonical":"https:\/\/www.prime-clean.com\/de\/budget-haushaltsreinigungen\/","og_locale":"de_DE","og_type":"article","og_title":"Budget-Haushaltsreinigungen","og_description":"[vc_row][vc_column width=&#8220;1\/4&#8243;][vc_wp_custommenu nav_menu=&#8220;34&#8243;][\/vc_column][vc_column width=&#8220;2\/3&#8243;][vc_single_image image=&#8220;11013&#8243; img_size=&#8220;full&#8220; alignment=&#8220;center&#8220;][vc_column_text] M\u00fcde vom Putzen? Lassen Sie Prime Clean sich um Ihr Zuhause k\u00fcmmern! Kostenloses Angebot f\u00fcr die Reinigung von H\u00e4usern: Erleben Sie erstklassige saubere Qualit\u00e4t Prime Clean ist das ideale Reinigungsunternehmen f\u00fcr alle, die einen professionellen, zuverl\u00e4ssigen Service zu wettbewerbsf\u00e4higen Preisen suchen. Mit mehr als 12 Jahren Erfahrung auf &hellip; Continue reading Budget-Haushaltsreinigungen","og_url":"https:\/\/www.prime-clean.com\/de\/budget-haushaltsreinigungen\/","og_site_name":"Reinigungsunternehmen Prime Clean","article_publisher":"https:\/\/www.facebook.com\/FranchisingLimpezasPrimeClean\/","article_modified_time":"2024-12-26T00:39:57+00:00","og_image":[{"width":1200,"height":675,"url":"https:\/\/www.prime-clean.com\/wp-content\/uploads\/2025\/01\/Ja-conhece.jpg","type":"image\/jpeg"}],"twitter_card":"summary_large_image","twitter_site":"@primecleangroup","twitter_misc":{"Gesch\u00e4tzte Lesezeit":"2\u00a0Minuten"},"schema":{"@context":"https:\/\/schema.org","@graph":[{"@type":"WebPage","@id":"https:\/\/www.prime-clean.com\/de\/budget-haushaltsreinigungen\/","url":"https:\/\/www.prime-clean.com\/de\/budget-haushaltsreinigungen\/","name":"Budget-Haushaltsreinigungen - Reinigungsunternehmen Prime Clean","isPartOf":{"@id":"https:\/\/www.prime-clean.com\/de\/#website"},"datePublished":"2022-12-30T10:54:19+00:00","dateModified":"2024-12-26T00:39:57+00:00","breadcrumb":{"@id":"https:\/\/www.prime-clean.com\/de\/budget-haushaltsreinigungen\/#breadcrumb"},"inLanguage":"de","potentialAction":[{"@type":"ReadAction","target":["https:\/\/www.prime-clean.com\/de\/budget-haushaltsreinigungen\/"]}]},{"@type":"BreadcrumbList","@id":"https:\/\/www.prime-clean.com\/de\/budget-haushaltsreinigungen\/#breadcrumb","itemListElement":[{"@type":"ListItem","position":1,"name":"In\u00edcio","item":"https:\/\/www.prime-clean.com\/de\/"},{"@type":"ListItem","position":2,"name":"Budget-Haushaltsreinigungen"}]},{"@type":"WebSite","@id":"https:\/\/www.prime-clean.com\/de\/#website","url":"https:\/\/www.prime-clean.com\/de\/","name":"Empresa de limpezas Prime Clean","description":"Die Reinigungsfirma Prime Clean ist die beste Wahl f\u00fcr Haushalts- und Gewerbereinigungsdienste.","alternateName":"Empresa de limpezas","potentialAction":[{"@type":"SearchAction","target":{"@type":"EntryPoint","urlTemplate":"https:\/\/www.prime-clean.com\/de\/?s={search_term_string}"},"query-input":{"@type":"PropertyValueSpecification","valueRequired":true,"valueName":"search_term_string"}}],"inLanguage":"de"}]}},"_links":{"self":[{"href":"https:\/\/www.prime-clean.com\/de\/wp-json\/wp\/v2\/pages\/13526","targetHints":{"allow":["GET"]}}],"collection":[{"href":"https:\/\/www.prime-clean.com\/de\/wp-json\/wp\/v2\/pages"}],"about":[{"href":"https:\/\/www.prime-clean.com\/de\/wp-json\/wp\/v2\/types\/page"}],"author":[{"embeddable":true,"href":"https:\/\/www.prime-clean.com\/de\/wp-json\/wp\/v2\/users\/1"}],"replies":[{"embeddable":true,"href":"https:\/\/www.prime-clean.com\/de\/wp-json\/wp\/v2\/comments?post=13526"}],"version-history":[{"count":1,"href":"https:\/\/www.prime-clean.com\/de\/wp-json\/wp\/v2\/pages\/13526\/revisions"}],"predecessor-version":[{"id":13531,"href":"https:\/\/www.prime-clean.com\/de\/wp-json\/wp\/v2\/pages\/13526\/revisions\/13531"}],"wp:attachment":[{"href":"https:\/\/www.prime-clean.com\/de\/wp-json\/wp\/v2\/media?parent=13526"}],"curies":[{"name":"wp","href":"https:\/\/api.w.org\/{rel}","templated":true}]}}